{"id":8,"date":"2014-11-25T11:55:44","date_gmt":"2014-11-25T10:55:44","guid":{"rendered":"http:\/\/bonificalamone.it\/WP\/?page_id=8"},"modified":"2025-12-01T09:52:37","modified_gmt":"2025-12-01T08:52:37","slug":"la-cooperativa","status":"publish","type":"page","link":"https:\/\/bonificalamone.it\/WP\/la-cooperativa\/","title":{"rendered":"La Cooperativa"},"content":{"rendered":"\n<div class=\"wp-block-uagb-container uagb-block-31ce7774 alignfull uagb-is-root-container\"><div class=\"uagb-container-inner-blocks-wrap\">\n<div class=\"wp-block-uagb-container uagb-block-30046f34\">\n<p>La Cooperativa Bonifica Lamone nasce nel 1983 con lo scopo di fornire assistenza e servizi agricoli ai coltivatori del circondario. Si sviluppa cos\u00ec una realt\u00e0 a misura d\u2019uomo: concentrata sul territorio in modo da conoscere direttamente i propri soci, ma cos\u00ec ben articolata da fornire un\u2019ampia gamma di servizi.<\/p>\n\n\n\n<p>Fra la conduzione diretta dei terreni (al momento gestiamo poco meno di 400 ettari, dei quali 240 sono di propriet\u00e0), gli ingaggi come contoterzisti, il punto vendita, il centro di stoccaggio, le consulenze tecniche e l\u2019ufficio amministrativo, garantiamo lavoro a una trentina fra dipendenti fissi e avventizi agricoli. La ricerca del personale si \u00e8 concentrata particolarmente sui giovani, per permettere una formazione solida e una continuit\u00e0 all\u2019azienda.<\/p>\n\n\n\n<p>Forniamo assistenza ai nostri soci su ogni fase produttiva della propria azienda, dalla preparazione del terreno, alla raccolta del prodotto, passando dalla semina, dalle concimazioni, dai trattamenti, dai diserbi, dalle fresature fino a tutte quelle lavorazioni di rifinitura per ottimizzare la produzione. Il tutto \u00e8 seguito da personale tecnico preparato ed esperto, pronto a consigliare i prodotti pi\u00f9 validi per intervenire in modo tempestivo ed efficace a fronte ad ogni necessit\u00e0. La gestione in proprio del punto vendita garantisce la fornitura diretta di sementi, fitofarmaci, concimi e tutti i prodotti tecnici impiegati per assicurarsi un buon raccolto.&nbsp;<\/p>\n<\/div>\n\n\n\n<div class=\"wp-block-uagb-container uagb-block-661e8526\">\n<figure class=\"wp-block-image aligncenter size-full is-resized\"><a href=\"https:\/\/bonificalamone.it\/WP\/wp-content\/uploads\/2025\/07\/cropped-logo-nuovo-sito-1024x341-1.jpg\"><img loading=\"lazy\" decoding=\"async\" width=\"1024\" height=\"341\" src=\"https:\/\/bonificalamone.it\/WP\/wp-content\/uploads\/2025\/07\/cropped-logo-nuovo-sito-1024x341-1.jpg\" alt=\"\" class=\"wp-image-3057\" style=\"width:231px;height:auto\" srcset=\"https:\/\/bonificalamone.it\/WP\/wp-content\/uploads\/2025\/07\/cropped-logo-nuovo-sito-1024x341-1.jpg 1024w, https:\/\/bonificalamone.it\/WP\/wp-content\/uploads\/2025\/07\/cropped-logo-nuovo-sito-1024x341-1-300x100.jpg 300w, https:\/\/bonificalamone.it\/WP\/wp-content\/uploads\/2025\/07\/cropped-logo-nuovo-sito-1024x341-1-768x256.jpg 768w\" sizes=\"auto, (max-width: 1024px) 100vw, 1024px\" \/><\/a><\/figure>\n\n\n\n<figure class=\"wp-block-image size-large\"><a href=\"https:\/\/bonificalamone.it\/WP\/wp-content\/uploads\/2025\/06\/Immagine-WhatsApp-2025-06-05-ore-09.03.27_e2c8e260.jpg\"><img loading=\"lazy\" decoding=\"async\" width=\"1024\" height=\"768\" src=\"https:\/\/bonificalamone.it\/WP\/wp-content\/uploads\/2025\/06\/Immagine-WhatsApp-2025-06-05-ore-09.03.27_e2c8e260-1024x768.jpg\" alt=\"\" class=\"wp-image-2989\" srcset=\"https:\/\/bonificalamone.it\/WP\/wp-content\/uploads\/2025\/06\/Immagine-WhatsApp-2025-06-05-ore-09.03.27_e2c8e260-1024x768.jpg 1024w, https:\/\/bonificalamone.it\/WP\/wp-content\/uploads\/2025\/06\/Immagine-WhatsApp-2025-06-05-ore-09.03.27_e2c8e260-300x225.jpg 300w, https:\/\/bonificalamone.it\/WP\/wp-content\/uploads\/2025\/06\/Immagine-WhatsApp-2025-06-05-ore-09.03.27_e2c8e260-768x576.jpg 768w, https:\/\/bonificalamone.it\/WP\/wp-content\/uploads\/2025\/06\/Immagine-WhatsApp-2025-06-05-ore-09.03.27_e2c8e260-1536x1152.jpg 1536w, https:\/\/bonificalamone.it\/WP\/wp-content\/uploads\/2025\/06\/Immagine-WhatsApp-2025-06-05-ore-09.03.27_e2c8e260.jpg 2040w\" sizes=\"auto, (max-width: 1024px) 100vw, 1024px\" \/><\/a><\/figure>\n<\/div>\n<\/div><\/div>\n\n\n\n<div class=\"wp-block-columns has-ast-global-color-4-background-color has-background is-layout-flex wp-container-core-columns-is-layout-4f94af84 wp-block-columns-is-layout-flex\" style=\"margin-top:var(--wp--preset--spacing--80);margin-bottom:var(--wp--preset--spacing--80);padding-top:var(--wp--preset--spacing--60);padding-bottom:var(--wp--preset--spacing--60)\">\n<div class=\"wp-block-column is-layout-flow wp-block-column-is-layout-flow\" style=\"flex-basis:100%\">\n<div class=\"wp-block-uagb-call-to-action uagb-block-b212f386 wp-block-button\"><div class=\"uagb-cta__wrap\"><h3 class=\"uagb-cta__title\">Contattaci ora per avere maggiori informazioni sui nostri servizi o per diventare socio.<\/h3><p class=\"uagb-cta__desc\"><em>La cooperazione \u00e8 il nostro valore fondante. All\u2019interno della nostra realt\u00e0, ogni socio e collaboratore \u00e8 parte attiva di un progetto comune, dove il contributo di ciascuno \u00e8 valorizzato e rispettato.<\/em><\/p><\/div><div class=\"uagb-cta__buttons\"><a href=\"https:\/\/bonificalamone.it\/WP\/contatti\/\" class=\"uagb-cta__button-link-wrapper wp-block-button__link\" target=\"_blank\" rel=\"noopener noreferrer\">Contattaci ora<svg xmlns=\"https:\/\/www.w3.org\/2000\/svg\" viewBox=\"0 0 512 512\"><path d=\"M504.3 273.6l-112.1 104c-6.992 6.484-17.18 8.218-25.94 4.406c-8.758-3.812-14.42-12.45-14.42-21.1L351.9 288H32C14.33 288 .0002 273.7 .0002 255.1S14.33 224 32 224h319.9l0-72c0-9.547 5.66-18.19 14.42-22c8.754-3.809 18.95-2.075 25.94 4.41l112.1 104C514.6 247.9 514.6 264.1 504.3 273.6z\"><\/path><\/svg><\/a><\/div><\/div>\n<\/div>\n<\/div>\n\n\n\n<div class=\"wp-block-uagb-container uagb-block-379a605b alignfull uagb-is-root-container\"><div class=\"uagb-container-inner-blocks-wrap\">\n<div class=\"wp-block-uagb-container uagb-block-bf23487e\">\n<p>La conduzione diretta del centro di stoccaggio, oltre a garantirci un contatto personale con gli agricoltori del territorio, offre la possibilit\u00e0 ai soci di conferire il raccolto direttamente alla cooperativa, che, con contratti mirati, si impegna a commercializzarlo e ad offrire le migliori opzioni di mercato.&nbsp;<\/p>\n\n\n\n<p>Punto d\u2019onore della Cooperativa \u00e8 l\u2019impegno nel mantenere i prezzi concorrenziali, atti a non gravare eccessivamente sui propri soci.&nbsp;<\/p>\n\n\n\n<p>Negli anni, la continua crescita, l\u2019aggiornamento costante del parco macchine, le migliorie strutturali e l\u2019adattamento alle innovazioni tecnologiche ci hanno portato ad essere un punto di riferimento per i soci coltivatori, tanto che all\u2019oggi arriviamo a contare circa 600 soci, fra piccoli, medi e grandi proprietari terrieri.&nbsp;<\/p>\n\n\n\n<p><br><\/p>\n<\/div>\n\n\n\n<div class=\"wp-block-uagb-container uagb-block-d8a3e7e9\">\n<figure class=\"wp-block-image size-large\"><a href=\"https:\/\/bonificalamone.it\/WP\/wp-content\/uploads\/2025\/06\/IMG-20250520-WA0082.jpg\"><img loading=\"lazy\" decoding=\"async\" width=\"1024\" height=\"768\" src=\"https:\/\/bonificalamone.it\/WP\/wp-content\/uploads\/2025\/06\/IMG-20250520-WA0082-1024x768.jpg\" alt=\"\" class=\"wp-image-2937\" srcset=\"https:\/\/bonificalamone.it\/WP\/wp-content\/uploads\/2025\/06\/IMG-20250520-WA0082-1024x768.jpg 1024w, https:\/\/bonificalamone.it\/WP\/wp-content\/uploads\/2025\/06\/IMG-20250520-WA0082-300x225.jpg 300w, https:\/\/bonificalamone.it\/WP\/wp-content\/uploads\/2025\/06\/IMG-20250520-WA0082-768x576.jpg 768w, https:\/\/bonificalamone.it\/WP\/wp-content\/uploads\/2025\/06\/IMG-20250520-WA0082-1536x1152.jpg 1536w, https:\/\/bonificalamone.it\/WP\/wp-content\/uploads\/2025\/06\/IMG-20250520-WA0082.jpg 2000w\" sizes=\"auto, (max-width: 1024px) 100vw, 1024px\" \/><\/a><\/figure>\n<\/div>\n<\/div><\/div>\n\n\n\n<div class=\"wp-block-uagb-container uagb-block-05a4a518 alignfull uagb-is-root-container\"><div class=\"uagb-container-inner-blocks-wrap\">\n<div class=\"wp-block-uagb-info-box uagb-block-9a97965e uagb-infobox__content-wrap  uagb-infobox-icon-above-title uagb-infobox-image-valign-top wp-block-uagb-info-box--has-margin\"><div class=\"uagb-infobox-margin-wrapper\"><div class=\"uagb-ifb-content\"><div class=\"uagb-ifb-title-wrap\"><h1 class=\"uagb-ifb-title\">Vuoi diventare socio?<\/h1><\/div><p class=\"uagb-ifb-desc\"><br>Ci impegniamo a garantire ai nostri soci il miglior posizionamento sul mercato, grazie a rapporti consolidati con clienti e trasformatori. Ogni lavoro viene seguito con attenzione, con l\u2019obiettivo di valorizzare l&#8217;operato e l\u2019identit\u00e0 di chi lo produce.<\/p><div class=\"uagb-ifb-button-wrapper wp-block-button\"><a href=\"tel:0544483022\" class=\"uagb-infobox-cta-link wp-block-button__link\" target=\"_self\" rel=\"noopener noreferrer\" onclick=\"return true;\"><span class=\"uagb-inline-editing\">Chiamaci ora<\/span><\/a><\/div><\/div><\/div><\/div>\n<\/div><\/div>\n","protected":false},"excerpt":{"rendered":"<p>La Cooperativa Bonifica Lamone nasce nel 1983 con lo scopo di fornire assistenza e servizi agricoli ai coltivatori del circondario. Si sviluppa cos\u00ec una realt\u00e0 a misura d\u2019uomo: concentrata sul territorio in modo da conoscere direttamente i propri soci, ma cos\u00ec ben articolata da fornire un\u2019ampia gamma di servizi. Fra la conduzione diretta dei terreni [&hellip;]<\/p>\n","protected":false},"author":1,"featured_media":0,"parent":0,"menu_order":0,"comment_status":"closed","ping_status":"closed","template":"","meta":{"_uag_custom_page_level_css":"","_monsterinsights_skip_tracking":false,"_monsterinsights_sitenote_active":false,"_monsterinsights_sitenote_note":"","_monsterinsights_sitenote_category":0,"site-sidebar-layout":"default","site-content-layout":"","ast-site-content-layout":"default","site-content-style":"default","site-sidebar-style":"default","ast-global-header-display":"","ast-banner-title-visibility":"","ast-main-header-display":"","ast-hfb-above-header-display":"","ast-hfb-below-header-display":"","ast-hfb-mobile-header-display":"","site-post-title":"","ast-breadcrumbs-content":"","ast-featured-img":"","footer-sml-layout":"","theme-transparent-header-meta":"","adv-header-id-meta":"","stick-header-meta":"","header-above-stick-meta":"","header-main-stick-meta":"","header-below-stick-meta":"","astra-migrate-meta-layouts":"set","ast-page-background-enabled":"default","ast-page-background-meta":{"desktop":{"background-color":"var(--ast-global-color-4)","background-image":"","background-repeat":"repeat","background-position":"center center","background-size":"auto","background-attachment":"scroll","background-type":"","background-media":"","overlay-type":"","overlay-color":"","overlay-opacity":"","overlay-gradient":""},"tablet":{"background-color":"","background-image":"","background-repeat":"repeat","background-position":"center center","background-size":"auto","background-attachment":"scroll","background-type":"","background-media":"","overlay-type":"","overlay-color":"","overlay-opacity":"","overlay-gradient":""},"mobile":{"background-color":"","background-image":"","background-repeat":"repeat","background-position":"center center","background-size":"auto","background-attachment":"scroll","background-type":"","background-media":"","overlay-type":"","overlay-color":"","overlay-opacity":"","overlay-gradient":""}},"ast-content-background-meta":{"desktop":{"background-color":"var(--ast-global-color-5)","background-image":"","background-repeat":"repeat","background-position":"center center","background-size":"auto","background-attachment":"scroll","background-type":"","background-media":"","overlay-type":"","overlay-color":"","overlay-opacity":"","overlay-gradient":""},"tablet":{"background-color":"var(--ast-global-color-5)","background-image":"","background-repeat":"repeat","background-position":"center center","background-size":"auto","background-attachment":"scroll","background-type":"","background-media":"","overlay-type":"","overlay-color":"","overlay-opacity":"","overlay-gradient":""},"mobile":{"background-color":"var(--ast-global-color-5)","background-image":"","background-repeat":"repeat","background-position":"center center","background-size":"auto","background-attachment":"scroll","background-type":"","background-media":"","overlay-type":"","overlay-color":"","overlay-opacity":"","overlay-gradient":""}},"footnotes":""},"class_list":["post-8","page","type-page","status-publish","hentry"],"yoast_head":"<!-- This site is optimized with the Yoast SEO plugin v27.5 - https:\/\/yoast.com\/product\/yoast-seo-wordpress\/ -->\n<title>La Cooperativa - Bonifica Lamone<\/title>\n<meta name=\"robots\" content=\"index, follow, max-snippet:-1, max-image-preview:large, max-video-preview:-1\" \/>\n<link rel=\"canonical\" href=\"https:\/\/bonificalamone.it\/WP\/la-cooperativa\/\" \/>\n<meta property=\"og:locale\" content=\"it_IT\" \/>\n<meta property=\"og:type\" content=\"article\" \/>\n<meta property=\"og:title\" content=\"La Cooperativa - Bonifica Lamone\" \/>\n<meta property=\"og:description\" content=\"La Cooperativa Bonifica Lamone nasce nel 1983 con lo scopo di fornire assistenza e servizi agricoli ai coltivatori del circondario. Si sviluppa cos\u00ec una realt\u00e0 a misura d\u2019uomo: concentrata sul territorio in modo da conoscere direttamente i propri soci, ma cos\u00ec ben articolata da fornire un\u2019ampia gamma di servizi. Fra la conduzione diretta dei terreni [&hellip;]\" \/>\n<meta property=\"og:url\" content=\"https:\/\/bonificalamone.it\/WP\/la-cooperativa\/\" \/>\n<meta property=\"og:site_name\" content=\"Bonifica Lamone\" \/>\n<meta property=\"article:modified_time\" content=\"2025-12-01T08:52:37+00:00\" \/>\n<meta property=\"og:image\" content=\"https:\/\/bonificalamone.it\/WP\/wp-content\/uploads\/2025\/07\/cropped-logo-nuovo-sito-1024x341-1.jpg\" \/>\n\t<meta property=\"og:image:width\" content=\"1024\" \/>\n\t<meta property=\"og:image:height\" content=\"341\" \/>\n\t<meta property=\"og:image:type\" content=\"image\/jpeg\" \/>\n<meta name=\"twitter:label1\" content=\"Tempo di lettura stimato\" \/>\n\t<meta name=\"twitter:data1\" content=\"3 minuti\" \/>\n<script type=\"application\/ld+json\" class=\"yoast-schema-graph\">{\"@context\":\"https:\\\/\\\/schema.org\",\"@graph\":[{\"@type\":\"WebPage\",\"@id\":\"https:\\\/\\\/bonificalamone.it\\\/WP\\\/la-cooperativa\\\/\",\"url\":\"https:\\\/\\\/bonificalamone.it\\\/WP\\\/la-cooperativa\\\/\",\"name\":\"La Cooperativa - Bonifica Lamone\",\"isPartOf\":{\"@id\":\"https:\\\/\\\/bonificalamone.it\\\/WP\\\/#website\"},\"primaryImageOfPage\":{\"@id\":\"https:\\\/\\\/bonificalamone.it\\\/WP\\\/la-cooperativa\\\/#primaryimage\"},\"image\":{\"@id\":\"https:\\\/\\\/bonificalamone.it\\\/WP\\\/la-cooperativa\\\/#primaryimage\"},\"thumbnailUrl\":\"https:\\\/\\\/bonificalamone.it\\\/WP\\\/wp-content\\\/uploads\\\/2025\\\/07\\\/cropped-logo-nuovo-sito-1024x341-1.jpg\",\"datePublished\":\"2014-11-25T10:55:44+00:00\",\"dateModified\":\"2025-12-01T08:52:37+00:00\",\"breadcrumb\":{\"@id\":\"https:\\\/\\\/bonificalamone.it\\\/WP\\\/la-cooperativa\\\/#breadcrumb\"},\"inLanguage\":\"it-IT\",\"potentialAction\":[{\"@type\":\"ReadAction\",\"target\":[\"https:\\\/\\\/bonificalamone.it\\\/WP\\\/la-cooperativa\\\/\"]}]},{\"@type\":\"ImageObject\",\"inLanguage\":\"it-IT\",\"@id\":\"https:\\\/\\\/bonificalamone.it\\\/WP\\\/la-cooperativa\\\/#primaryimage\",\"url\":\"https:\\\/\\\/bonificalamone.it\\\/WP\\\/wp-content\\\/uploads\\\/2025\\\/07\\\/cropped-logo-nuovo-sito-1024x341-1.jpg\",\"contentUrl\":\"https:\\\/\\\/bonificalamone.it\\\/WP\\\/wp-content\\\/uploads\\\/2025\\\/07\\\/cropped-logo-nuovo-sito-1024x341-1.jpg\",\"width\":1024,\"height\":341},{\"@type\":\"BreadcrumbList\",\"@id\":\"https:\\\/\\\/bonificalamone.it\\\/WP\\\/la-cooperativa\\\/#breadcrumb\",\"itemListElement\":[{\"@type\":\"ListItem\",\"position\":1,\"name\":\"Home\",\"item\":\"https:\\\/\\\/bonificalamone.it\\\/WP\\\/\"},{\"@type\":\"ListItem\",\"position\":2,\"name\":\"La Cooperativa\"}]},{\"@type\":\"WebSite\",\"@id\":\"https:\\\/\\\/bonificalamone.it\\\/WP\\\/#website\",\"url\":\"https:\\\/\\\/bonificalamone.it\\\/WP\\\/\",\"name\":\"Bonifica Lamone\",\"description\":\"La Cooperativa Agricola\",\"publisher\":{\"@id\":\"https:\\\/\\\/bonificalamone.it\\\/WP\\\/#organization\"},\"potentialAction\":[{\"@type\":\"SearchAction\",\"target\":{\"@type\":\"EntryPoint\",\"urlTemplate\":\"https:\\\/\\\/bonificalamone.it\\\/WP\\\/?s={search_term_string}\"},\"query-input\":{\"@type\":\"PropertyValueSpecification\",\"valueRequired\":true,\"valueName\":\"search_term_string\"}}],\"inLanguage\":\"it-IT\"},{\"@type\":\"Organization\",\"@id\":\"https:\\\/\\\/bonificalamone.it\\\/WP\\\/#organization\",\"name\":\"Bonifica Lamone\",\"url\":\"https:\\\/\\\/bonificalamone.it\\\/WP\\\/\",\"logo\":{\"@type\":\"ImageObject\",\"inLanguage\":\"it-IT\",\"@id\":\"https:\\\/\\\/bonificalamone.it\\\/WP\\\/#\\\/schema\\\/logo\\\/image\\\/\",\"url\":\"https:\\\/\\\/bonificalamone.it\\\/WP\\\/wp-content\\\/uploads\\\/2025\\\/07\\\/cropped-logo-nuovo-sito-1024x341-1.jpg\",\"contentUrl\":\"https:\\\/\\\/bonificalamone.it\\\/WP\\\/wp-content\\\/uploads\\\/2025\\\/07\\\/cropped-logo-nuovo-sito-1024x341-1.jpg\",\"width\":1024,\"height\":341,\"caption\":\"Bonifica Lamone\"},\"image\":{\"@id\":\"https:\\\/\\\/bonificalamone.it\\\/WP\\\/#\\\/schema\\\/logo\\\/image\\\/\"}}]}<\/script>\n<!-- \/ Yoast SEO plugin. -->","yoast_head_json":{"title":"La Cooperativa - Bonifica Lamone","robots":{"index":"index","follow":"follow","max-snippet":"max-snippet:-1","max-image-preview":"max-image-preview:large","max-video-preview":"max-video-preview:-1"},"canonical":"https:\/\/bonificalamone.it\/WP\/la-cooperativa\/","og_locale":"it_IT","og_type":"article","og_title":"La Cooperativa - Bonifica Lamone","og_description":"La Cooperativa Bonifica Lamone nasce nel 1983 con lo scopo di fornire assistenza e servizi agricoli ai coltivatori del circondario. Si sviluppa cos\u00ec una realt\u00e0 a misura d\u2019uomo: concentrata sul territorio in modo da conoscere direttamente i propri soci, ma cos\u00ec ben articolata da fornire un\u2019ampia gamma di servizi. Fra la conduzione diretta dei terreni [&hellip;]","og_url":"https:\/\/bonificalamone.it\/WP\/la-cooperativa\/","og_site_name":"Bonifica Lamone","article_modified_time":"2025-12-01T08:52:37+00:00","og_image":[{"width":1024,"height":341,"url":"https:\/\/bonificalamone.it\/WP\/wp-content\/uploads\/2025\/07\/cropped-logo-nuovo-sito-1024x341-1.jpg","type":"image\/jpeg"}],"twitter_misc":{"Tempo di lettura stimato":"3 minuti"},"schema":{"@context":"https:\/\/schema.org","@graph":[{"@type":"WebPage","@id":"https:\/\/bonificalamone.it\/WP\/la-cooperativa\/","url":"https:\/\/bonificalamone.it\/WP\/la-cooperativa\/","name":"La Cooperativa - Bonifica Lamone","isPartOf":{"@id":"https:\/\/bonificalamone.it\/WP\/#website"},"primaryImageOfPage":{"@id":"https:\/\/bonificalamone.it\/WP\/la-cooperativa\/#primaryimage"},"image":{"@id":"https:\/\/bonificalamone.it\/WP\/la-cooperativa\/#primaryimage"},"thumbnailUrl":"https:\/\/bonificalamone.it\/WP\/wp-content\/uploads\/2025\/07\/cropped-logo-nuovo-sito-1024x341-1.jpg","datePublished":"2014-11-25T10:55:44+00:00","dateModified":"2025-12-01T08:52:37+00:00","breadcrumb":{"@id":"https:\/\/bonificalamone.it\/WP\/la-cooperativa\/#breadcrumb"},"inLanguage":"it-IT","potentialAction":[{"@type":"ReadAction","target":["https:\/\/bonificalamone.it\/WP\/la-cooperativa\/"]}]},{"@type":"ImageObject","inLanguage":"it-IT","@id":"https:\/\/bonificalamone.it\/WP\/la-cooperativa\/#primaryimage","url":"https:\/\/bonificalamone.it\/WP\/wp-content\/uploads\/2025\/07\/cropped-logo-nuovo-sito-1024x341-1.jpg","contentUrl":"https:\/\/bonificalamone.it\/WP\/wp-content\/uploads\/2025\/07\/cropped-logo-nuovo-sito-1024x341-1.jpg","width":1024,"height":341},{"@type":"BreadcrumbList","@id":"https:\/\/bonificalamone.it\/WP\/la-cooperativa\/#breadcrumb","itemListElement":[{"@type":"ListItem","position":1,"name":"Home","item":"https:\/\/bonificalamone.it\/WP\/"},{"@type":"ListItem","position":2,"name":"La Cooperativa"}]},{"@type":"WebSite","@id":"https:\/\/bonificalamone.it\/WP\/#website","url":"https:\/\/bonificalamone.it\/WP\/","name":"Bonifica Lamone","description":"La Cooperativa Agricola","publisher":{"@id":"https:\/\/bonificalamone.it\/WP\/#organization"},"potentialAction":[{"@type":"SearchAction","target":{"@type":"EntryPoint","urlTemplate":"https:\/\/bonificalamone.it\/WP\/?s={search_term_string}"},"query-input":{"@type":"PropertyValueSpecification","valueRequired":true,"valueName":"search_term_string"}}],"inLanguage":"it-IT"},{"@type":"Organization","@id":"https:\/\/bonificalamone.it\/WP\/#organization","name":"Bonifica Lamone","url":"https:\/\/bonificalamone.it\/WP\/","logo":{"@type":"ImageObject","inLanguage":"it-IT","@id":"https:\/\/bonificalamone.it\/WP\/#\/schema\/logo\/image\/","url":"https:\/\/bonificalamone.it\/WP\/wp-content\/uploads\/2025\/07\/cropped-logo-nuovo-sito-1024x341-1.jpg","contentUrl":"https:\/\/bonificalamone.it\/WP\/wp-content\/uploads\/2025\/07\/cropped-logo-nuovo-sito-1024x341-1.jpg","width":1024,"height":341,"caption":"Bonifica Lamone"},"image":{"@id":"https:\/\/bonificalamone.it\/WP\/#\/schema\/logo\/image\/"}}]}},"uagb_featured_image_src":{"full":false,"thumbnail":false,"medium":false,"medium_large":false,"large":false,"1536x1536":false,"2048x2048":false},"uagb_author_info":{"display_name":"admin","author_link":"https:\/\/bonificalamone.it\/WP\/author\/admin\/"},"uagb_comment_info":0,"uagb_excerpt":"La Cooperativa Bonifica Lamone nasce nel 1983 con lo scopo di fornire assistenza e servizi agricoli ai coltivatori del circondario. Si sviluppa cos\u00ec una realt\u00e0 a misura d\u2019uomo: concentrata sul territorio in modo da conoscere direttamente i propri soci, ma cos\u00ec ben articolata da fornire un\u2019ampia gamma di servizi. Fra la conduzione diretta dei terreni&hellip;","_links":{"self":[{"href":"https:\/\/bonificalamone.it\/WP\/wp-json\/wp\/v2\/pages\/8","targetHints":{"allow":["GET"]}}],"collection":[{"href":"https:\/\/bonificalamone.it\/WP\/wp-json\/wp\/v2\/pages"}],"about":[{"href":"https:\/\/bonificalamone.it\/WP\/wp-json\/wp\/v2\/types\/page"}],"author":[{"embeddable":true,"href":"https:\/\/bonificalamone.it\/WP\/wp-json\/wp\/v2\/users\/1"}],"replies":[{"embeddable":true,"href":"https:\/\/bonificalamone.it\/WP\/wp-json\/wp\/v2\/comments?post=8"}],"version-history":[{"count":21,"href":"https:\/\/bonificalamone.it\/WP\/wp-json\/wp\/v2\/pages\/8\/revisions"}],"predecessor-version":[{"id":3153,"href":"https:\/\/bonificalamone.it\/WP\/wp-json\/wp\/v2\/pages\/8\/revisions\/3153"}],"wp:attachment":[{"href":"https:\/\/bonificalamone.it\/WP\/wp-json\/wp\/v2\/media?parent=8"}],"curies":[{"name":"wp","href":"https:\/\/api.w.org\/{rel}","templated":true}]}}