{"id":3138,"date":"2025-11-03T11:21:03","date_gmt":"2025-11-03T10:21:03","guid":{"rendered":"https:\/\/bonificalamone.it\/WP\/?page_id=3138"},"modified":"2025-12-01T09:50:33","modified_gmt":"2025-12-01T08:50:33","slug":"privacy-policy-clienti-fornitori","status":"publish","type":"page","link":"https:\/\/bonificalamone.it\/WP\/privacy-policy-clienti-fornitori\/","title":{"rendered":"Privacy Policy Clienti\/Fornitori"},"content":{"rendered":"\n<p><strong><u>Informativa sul trattamento dei dati personali<\/u><\/strong><\/p>\n\n\n\n<p>Ai sensi dell\u2019art. 13 del Regolamento n.679\/2016 GDPR<\/p>\n\n\n\n<p><strong>TITOLARE DEL TRATTAMENTO<\/strong><\/p>\n\n\n\n<p>Il Titolare del trattamento \u00e8 <strong>COOP. BONIFICA LAMONE SOC. COOP. A.R.L.<\/strong><strong>, <\/strong>con sede in Via Carlina 2\/A 48123 Ravenna (RA), P.Iva 00860730399, Telefono 0544483022, e-mail amministrazione@bonificalamone,it<\/p>\n\n\n\n<p><strong>FINALIT\u00c0 DEL TRATTAMENTO E BASE GIURIDICA<\/strong><\/p>\n\n\n\n<p><a><\/a>I suoi dati saranno trattati sulla base di un obbligo contrattuale o di misure precontrattuali al fine di gestire il rapporto, ottemperare alle obbligazioni sorgenti dal contratto, gestire la fatturazione attiva e passiva, gestire il magazzino clienti e al fine di garantire un\u2019efficace gestione operativa del rapporto commerciale; trattiamo inoltre i suoi dati per adempiere ad obblighi legali derivanti dalla normativa fiscale e contabile.<\/p>\n\n\n\n<p><strong>MODALIT\u00c0 DEL TRATTAMENTO<\/strong><\/p>\n\n\n\n<p>Il trattamento sar\u00e0 effettuato utilizzando strumenti e supporti cartacei, informatici e telematici nel rispetto delle disposizioni di legge, di regolamento e di policy aziendale atte a garantire la sicurezza, la riservatezza, la disponibilit\u00e0 e l\u2019integrit\u00e0, nonch\u00e9 l&#8217;esattezza, l&#8217;aggiornamento e la pertinenza dei dati rispetto alle finalit\u00e0 di seguito dichiarate. Il trattamento avverr\u00e0 nel rispetto dei principi di correttezza, liceit\u00e0 e trasparenza.<\/p>\n\n\n\n<p>I dati saranno trattati da personale interno specificamente autorizzato e formato, e nel caso in cui venga utilizzato un soggetto esterno per il trattamento di alcuni dati il soggetto in questione sar\u00e0 nominato Responsabile del trattamento tramite regolare contratto come previsto dall\u2019art. 28 del Regolamento.<\/p>\n\n\n\n<p><strong>DESTINATARI DEI DATI<\/strong><\/p>\n\n\n\n<p>I suoi dati potranno essere comunicati alle seguenti categorie di destinatari: a soggetti ed enti pubblici (ad esempio Camere di commercio, Amministrazione finanziaria, altre pubbliche amministrazioni statali o locali o concessionari di pubblici servizi); a studi professionali al fine di adempiere ad obblighi fiscali, contabili e giuslavoristici; ad aziende di manutenzione ed assistenza hardware e software in caso di loro intervento; a studi legali da noi incaricati all\u2019attivit\u00e0 di recupero crediti; a uffici postali, spedizionieri e corrieri, banche ed Istituti di Credito.<\/p>\n\n\n\n<p>Per le sopracitate finalit\u00e0 e comunicazioni non \u00e8 necessario il suo preventivo consenso, in quanto il conferimento e il trattamento dei dati \u00e8 necessario nell\u2019ambito del contratto o dell\u2019adempimento di obblighi legali. Il conferimento dei dati \u00e8 tuttavia facoltativo, ma necessario per il corretto espletamento degli obblighi contrattuali dal momento che un eventuale suo rifiuto a conferirli comporterebbe l\u2019impossibilit\u00e0 di: instaurare o proseguire il rapporto, ovvero di effettuare alcune operazioni, se i dati sono necessari all\u2019esecuzione del rapporto o dell\u2019operazione; l\u2019impossibilit\u00e0 di effettuare alcune operazioni che presuppongono la comunicazione dei dati a soggetti funzionalmente collegati all\u2019esecuzione delle stesse.<\/p>\n\n\n\n<p><strong>TRASFERIMENTO DI DATI<\/strong><\/p>\n\n\n\n<p>Non viene effettuato trasferimento dei dati personali a un paese terzo o a un\u2019organizzazione internazionale. Nel caso in cui fosse necessario trasferire i Suoi dati all&#8217;estero, si precisa che detto trasferimento avverr\u00e0 in ossequio alle disposizioni normative vigenti, al fine di assicurare che il livello di protezione delle persone fisiche garantito dal regolamento UE n. 679\/2016 non sia pregiudicato.<\/p>\n\n\n\n<p><strong>TEMPO DI CONSERVAZIONE DEI DATI<\/strong><\/p>\n\n\n\n<p>I dati personali trattati per le finalit\u00e0 indicate saranno conservati solo ed esclusivamente per il periodo di svolgimento delle attivit\u00e0 oggetto di contratto e in ogni caso non oltre al decorso dei termini idonei per garantire l\u2019eventuale difesa di un diritto della Societ\u00e0 in sede di contenzioso. In ogni caso non saranno conservati per un periodo eccedente il raggiungimento della finalit\u00e0.<\/p>\n\n\n\n<p><strong>DIRITTI DELL\u2019INTERESSATO<\/strong><\/p>\n\n\n\n<p>L\u2019interessato ha diritto, secondo quanto previsto dagli artt. da 15 a 21 e dall\u2019 art. 13 del GDPR di ottenere, nei casi previsti, la conferma che sia o meno in corso un trattamento di dati personali che lo riguardano ed in tal caso l&#8217;accesso ai dati personali, la rettifica dei dati personali inesatti che lo riguardano o la cancellazione degli stessi o la limitazione del trattamento di dati che la riguarda o di opporsi al trattamento stesso. Gli interessati che ritengono che il trattamento dei dati personali a loro riferiti avvenga in violazione di quanto previsto dal Regolamento hanno il diritto di proporre reclamo al Garante per la protezione dei dati personali o ad altra Autorit\u00e0 di controllo competente, come previsto dall&#8217;art. 77 del Regolamento stesso, o di adire le opportune sedi giudiziarie (art. 79 del Regolamento).<\/p>\n\n\n\n<p>Le richieste di esercizio dei diritti potranno essere rivolte al Titolare del Trattamento.<\/p>\n\n\n\n<p>Al fine di esercitare i diritti di cui ai precedenti punti Lei potr\u00e0 rivolgersi direttamente al titolare del trattamento il quale dovr\u00e0 dare riscontro scritto entro 30 giorni &#8211; 90 giorni nei casi di particolare complessit\u00e0. Lei potr\u00e0 rivolgersi alla Scrivente inviando una e-mail all\u2019indirizzo <a href=\"mailto:amministrazione@bonificalamone.it\">amministrazione@bonificalamone.it<\/a><\/p>\n\n\n\n<p>In caso di mancata risposta, o di risposta inadeguata, Lei potr\u00e0 rivolgersi all&#8217;autorit\u00e0 amministrativa (Garante) o giudiziaria per la tutela dei suoi diritti. L&#8217;esercizio dei diritti \u00e8 di regola gratuito salvo la facolt\u00e0 di richiedere un contributo all&#8217;interessato nel caso di richieste manifestamente infondate o eccessive o ripetitive.<\/p>\n","protected":false},"excerpt":{"rendered":"<p>Informativa sul trattamento dei dati personali Ai sensi dell\u2019art. 13 del Regolamento n.679\/2016 GDPR TITOLARE DEL TRATTAMENTO Il Titolare del trattamento \u00e8 COOP. BONIFICA LAMONE SOC. COOP. A.R.L., con sede in Via Carlina 2\/A 48123 Ravenna (RA), P.Iva 00860730399, Telefono 0544483022, e-mail amministrazione@bonificalamone,it FINALIT\u00c0 DEL TRATTAMENTO E BASE GIURIDICA I suoi dati saranno trattati sulla [&hellip;]<\/p>\n","protected":false},"author":1,"featured_media":0,"parent":0,"menu_order":0,"comment_status":"closed","ping_status":"closed","template":"","meta":{"_uag_custom_page_level_css":"","_monsterinsights_skip_tracking":false,"_monsterinsights_sitenote_active":false,"_monsterinsights_sitenote_note":"","_monsterinsights_sitenote_category":0,"site-sidebar-layout":"default","site-content-layout":"","ast-site-content-layout":"default","site-content-style":"default","site-sidebar-style":"default","ast-global-header-display":"","ast-banner-title-visibility":"","ast-main-header-display":"","ast-hfb-above-header-display":"","ast-hfb-below-header-display":"","ast-hfb-mobile-header-display":"","site-post-title":"","ast-breadcrumbs-content":"","ast-featured-img":"","footer-sml-layout":"","theme-transparent-header-meta":"","adv-header-id-meta":"","stick-header-meta":"","header-above-stick-meta":"","header-main-stick-meta":"","header-below-stick-meta":"","astra-migrate-meta-layouts":"set","ast-page-background-enabled":"default","ast-page-background-meta":{"desktop":{"background-color":"var(--ast-global-color-4)","background-image":"","background-repeat":"repeat","background-position":"center center","background-size":"auto","background-attachment":"scroll","background-type":"","background-media":"","overlay-type":"","overlay-color":"","overlay-opacity":"","overlay-gradient":""},"tablet":{"background-color":"","background-image":"","background-repeat":"repeat","background-position":"center center","background-size":"auto","background-attachment":"scroll","background-type":"","background-media":"","overlay-type":"","overlay-color":"","overlay-opacity":"","overlay-gradient":""},"mobile":{"background-color":"","background-image":"","background-repeat":"repeat","background-position":"center center","background-size":"auto","background-attachment":"scroll","background-type":"","background-media":"","overlay-type":"","overlay-color":"","overlay-opacity":"","overlay-gradient":""}},"ast-content-background-meta":{"desktop":{"background-color":"var(--ast-global-color-5)","background-image":"","background-repeat":"repeat","background-position":"center center","background-size":"auto","background-attachment":"scroll","background-type":"","background-media":"","overlay-type":"","overlay-color":"","overlay-opacity":"","overlay-gradient":""},"tablet":{"background-color":"var(--ast-global-color-5)","background-image":"","background-repeat":"repeat","background-position":"center center","background-size":"auto","background-attachment":"scroll","background-type":"","background-media":"","overlay-type":"","overlay-color":"","overlay-opacity":"","overlay-gradient":""},"mobile":{"background-color":"var(--ast-global-color-5)","background-image":"","background-repeat":"repeat","background-position":"center center","background-size":"auto","background-attachment":"scroll","background-type":"","background-media":"","overlay-type":"","overlay-color":"","overlay-opacity":"","overlay-gradient":""}},"footnotes":""},"class_list":["post-3138","page","type-page","status-publish","hentry"],"yoast_head":"<!-- This site is optimized with the Yoast SEO plugin v27.5 - https:\/\/yoast.com\/product\/yoast-seo-wordpress\/ -->\n<title>Privacy Policy Clienti\/Fornitori - Bonifica Lamone<\/title>\n<meta name=\"robots\" content=\"index, follow, max-snippet:-1, max-image-preview:large, max-video-preview:-1\" \/>\n<link rel=\"canonical\" href=\"https:\/\/bonificalamone.it\/WP\/privacy-policy-clienti-fornitori\/\" \/>\n<meta property=\"og:locale\" content=\"it_IT\" \/>\n<meta property=\"og:type\" content=\"article\" \/>\n<meta property=\"og:title\" content=\"Privacy Policy Clienti\/Fornitori - Bonifica Lamone\" \/>\n<meta property=\"og:description\" content=\"Informativa sul trattamento dei dati personali Ai sensi dell\u2019art. 13 del Regolamento n.679\/2016 GDPR TITOLARE DEL TRATTAMENTO Il Titolare del trattamento \u00e8 COOP. BONIFICA LAMONE SOC. COOP. A.R.L., con sede in Via Carlina 2\/A 48123 Ravenna (RA), P.Iva 00860730399, Telefono 0544483022, e-mail amministrazione@bonificalamone,it FINALIT\u00c0 DEL TRATTAMENTO E BASE GIURIDICA I suoi dati saranno trattati sulla [&hellip;]\" \/>\n<meta property=\"og:url\" content=\"https:\/\/bonificalamone.it\/WP\/privacy-policy-clienti-fornitori\/\" \/>\n<meta property=\"og:site_name\" content=\"Bonifica Lamone\" \/>\n<meta property=\"article:modified_time\" content=\"2025-12-01T08:50:33+00:00\" \/>\n<meta name=\"twitter:label1\" content=\"Tempo di lettura stimato\" \/>\n\t<meta name=\"twitter:data1\" content=\"5 minuti\" \/>\n<script type=\"application\/ld+json\" class=\"yoast-schema-graph\">{\"@context\":\"https:\\\/\\\/schema.org\",\"@graph\":[{\"@type\":\"WebPage\",\"@id\":\"https:\\\/\\\/bonificalamone.it\\\/WP\\\/privacy-policy-clienti-fornitori\\\/\",\"url\":\"https:\\\/\\\/bonificalamone.it\\\/WP\\\/privacy-policy-clienti-fornitori\\\/\",\"name\":\"Privacy Policy Clienti\\\/Fornitori - Bonifica Lamone\",\"isPartOf\":{\"@id\":\"https:\\\/\\\/bonificalamone.it\\\/WP\\\/#website\"},\"datePublished\":\"2025-11-03T10:21:03+00:00\",\"dateModified\":\"2025-12-01T08:50:33+00:00\",\"breadcrumb\":{\"@id\":\"https:\\\/\\\/bonificalamone.it\\\/WP\\\/privacy-policy-clienti-fornitori\\\/#breadcrumb\"},\"inLanguage\":\"it-IT\",\"potentialAction\":[{\"@type\":\"ReadAction\",\"target\":[\"https:\\\/\\\/bonificalamone.it\\\/WP\\\/privacy-policy-clienti-fornitori\\\/\"]}]},{\"@type\":\"BreadcrumbList\",\"@id\":\"https:\\\/\\\/bonificalamone.it\\\/WP\\\/privacy-policy-clienti-fornitori\\\/#breadcrumb\",\"itemListElement\":[{\"@type\":\"ListItem\",\"position\":1,\"name\":\"Home\",\"item\":\"https:\\\/\\\/bonificalamone.it\\\/WP\\\/\"},{\"@type\":\"ListItem\",\"position\":2,\"name\":\"Privacy Policy Clienti\\\/Fornitori\"}]},{\"@type\":\"WebSite\",\"@id\":\"https:\\\/\\\/bonificalamone.it\\\/WP\\\/#website\",\"url\":\"https:\\\/\\\/bonificalamone.it\\\/WP\\\/\",\"name\":\"Bonifica Lamone\",\"description\":\"La Cooperativa Agricola\",\"publisher\":{\"@id\":\"https:\\\/\\\/bonificalamone.it\\\/WP\\\/#organization\"},\"potentialAction\":[{\"@type\":\"SearchAction\",\"target\":{\"@type\":\"EntryPoint\",\"urlTemplate\":\"https:\\\/\\\/bonificalamone.it\\\/WP\\\/?s={search_term_string}\"},\"query-input\":{\"@type\":\"PropertyValueSpecification\",\"valueRequired\":true,\"valueName\":\"search_term_string\"}}],\"inLanguage\":\"it-IT\"},{\"@type\":\"Organization\",\"@id\":\"https:\\\/\\\/bonificalamone.it\\\/WP\\\/#organization\",\"name\":\"Bonifica Lamone\",\"url\":\"https:\\\/\\\/bonificalamone.it\\\/WP\\\/\",\"logo\":{\"@type\":\"ImageObject\",\"inLanguage\":\"it-IT\",\"@id\":\"https:\\\/\\\/bonificalamone.it\\\/WP\\\/#\\\/schema\\\/logo\\\/image\\\/\",\"url\":\"https:\\\/\\\/bonificalamone.it\\\/WP\\\/wp-content\\\/uploads\\\/2025\\\/07\\\/cropped-logo-nuovo-sito-1024x341-1.jpg\",\"contentUrl\":\"https:\\\/\\\/bonificalamone.it\\\/WP\\\/wp-content\\\/uploads\\\/2025\\\/07\\\/cropped-logo-nuovo-sito-1024x341-1.jpg\",\"width\":1024,\"height\":341,\"caption\":\"Bonifica Lamone\"},\"image\":{\"@id\":\"https:\\\/\\\/bonificalamone.it\\\/WP\\\/#\\\/schema\\\/logo\\\/image\\\/\"}}]}<\/script>\n<!-- \/ Yoast SEO plugin. -->","yoast_head_json":{"title":"Privacy Policy Clienti\/Fornitori - Bonifica Lamone","robots":{"index":"index","follow":"follow","max-snippet":"max-snippet:-1","max-image-preview":"max-image-preview:large","max-video-preview":"max-video-preview:-1"},"canonical":"https:\/\/bonificalamone.it\/WP\/privacy-policy-clienti-fornitori\/","og_locale":"it_IT","og_type":"article","og_title":"Privacy Policy Clienti\/Fornitori - Bonifica Lamone","og_description":"Informativa sul trattamento dei dati personali Ai sensi dell\u2019art. 13 del Regolamento n.679\/2016 GDPR TITOLARE DEL TRATTAMENTO Il Titolare del trattamento \u00e8 COOP. BONIFICA LAMONE SOC. COOP. A.R.L., con sede in Via Carlina 2\/A 48123 Ravenna (RA), P.Iva 00860730399, Telefono 0544483022, e-mail amministrazione@bonificalamone,it FINALIT\u00c0 DEL TRATTAMENTO E BASE GIURIDICA I suoi dati saranno trattati sulla [&hellip;]","og_url":"https:\/\/bonificalamone.it\/WP\/privacy-policy-clienti-fornitori\/","og_site_name":"Bonifica Lamone","article_modified_time":"2025-12-01T08:50:33+00:00","twitter_misc":{"Tempo di lettura stimato":"5 minuti"},"schema":{"@context":"https:\/\/schema.org","@graph":[{"@type":"WebPage","@id":"https:\/\/bonificalamone.it\/WP\/privacy-policy-clienti-fornitori\/","url":"https:\/\/bonificalamone.it\/WP\/privacy-policy-clienti-fornitori\/","name":"Privacy Policy Clienti\/Fornitori - Bonifica Lamone","isPartOf":{"@id":"https:\/\/bonificalamone.it\/WP\/#website"},"datePublished":"2025-11-03T10:21:03+00:00","dateModified":"2025-12-01T08:50:33+00:00","breadcrumb":{"@id":"https:\/\/bonificalamone.it\/WP\/privacy-policy-clienti-fornitori\/#breadcrumb"},"inLanguage":"it-IT","potentialAction":[{"@type":"ReadAction","target":["https:\/\/bonificalamone.it\/WP\/privacy-policy-clienti-fornitori\/"]}]},{"@type":"BreadcrumbList","@id":"https:\/\/bonificalamone.it\/WP\/privacy-policy-clienti-fornitori\/#breadcrumb","itemListElement":[{"@type":"ListItem","position":1,"name":"Home","item":"https:\/\/bonificalamone.it\/WP\/"},{"@type":"ListItem","position":2,"name":"Privacy Policy Clienti\/Fornitori"}]},{"@type":"WebSite","@id":"https:\/\/bonificalamone.it\/WP\/#website","url":"https:\/\/bonificalamone.it\/WP\/","name":"Bonifica Lamone","description":"La Cooperativa Agricola","publisher":{"@id":"https:\/\/bonificalamone.it\/WP\/#organization"},"potentialAction":[{"@type":"SearchAction","target":{"@type":"EntryPoint","urlTemplate":"https:\/\/bonificalamone.it\/WP\/?s={search_term_string}"},"query-input":{"@type":"PropertyValueSpecification","valueRequired":true,"valueName":"search_term_string"}}],"inLanguage":"it-IT"},{"@type":"Organization","@id":"https:\/\/bonificalamone.it\/WP\/#organization","name":"Bonifica Lamone","url":"https:\/\/bonificalamone.it\/WP\/","logo":{"@type":"ImageObject","inLanguage":"it-IT","@id":"https:\/\/bonificalamone.it\/WP\/#\/schema\/logo\/image\/","url":"https:\/\/bonificalamone.it\/WP\/wp-content\/uploads\/2025\/07\/cropped-logo-nuovo-sito-1024x341-1.jpg","contentUrl":"https:\/\/bonificalamone.it\/WP\/wp-content\/uploads\/2025\/07\/cropped-logo-nuovo-sito-1024x341-1.jpg","width":1024,"height":341,"caption":"Bonifica Lamone"},"image":{"@id":"https:\/\/bonificalamone.it\/WP\/#\/schema\/logo\/image\/"}}]}},"uagb_featured_image_src":{"full":false,"thumbnail":false,"medium":false,"medium_large":false,"large":false,"1536x1536":false,"2048x2048":false},"uagb_author_info":{"display_name":"admin","author_link":"https:\/\/bonificalamone.it\/WP\/author\/admin\/"},"uagb_comment_info":0,"uagb_excerpt":"Informativa sul trattamento dei dati personali Ai sensi dell\u2019art. 13 del Regolamento n.679\/2016 GDPR TITOLARE DEL TRATTAMENTO Il Titolare del trattamento \u00e8 COOP. BONIFICA LAMONE SOC. COOP. A.R.L., con sede in Via Carlina 2\/A 48123 Ravenna (RA), P.Iva 00860730399, Telefono 0544483022, e-mail amministrazione@bonificalamone,it FINALIT\u00c0 DEL TRATTAMENTO E BASE GIURIDICA I suoi dati saranno trattati sulla&hellip;","_links":{"self":[{"href":"https:\/\/bonificalamone.it\/WP\/wp-json\/wp\/v2\/pages\/3138","targetHints":{"allow":["GET"]}}],"collection":[{"href":"https:\/\/bonificalamone.it\/WP\/wp-json\/wp\/v2\/pages"}],"about":[{"href":"https:\/\/bonificalamone.it\/WP\/wp-json\/wp\/v2\/types\/page"}],"author":[{"embeddable":true,"href":"https:\/\/bonificalamone.it\/WP\/wp-json\/wp\/v2\/users\/1"}],"replies":[{"embeddable":true,"href":"https:\/\/bonificalamone.it\/WP\/wp-json\/wp\/v2\/comments?post=3138"}],"version-history":[{"count":2,"href":"https:\/\/bonificalamone.it\/WP\/wp-json\/wp\/v2\/pages\/3138\/revisions"}],"predecessor-version":[{"id":3151,"href":"https:\/\/bonificalamone.it\/WP\/wp-json\/wp\/v2\/pages\/3138\/revisions\/3151"}],"wp:attachment":[{"href":"https:\/\/bonificalamone.it\/WP\/wp-json\/wp\/v2\/media?parent=3138"}],"curies":[{"name":"wp","href":"https:\/\/api.w.org\/{rel}","templated":true}]}}