{"id":2740,"date":"2025-05-05T12:25:47","date_gmt":"2025-05-05T10:25:47","guid":{"rendered":"https:\/\/bonificalamone.it\/WP\/?page_id=2740"},"modified":"2025-12-01T09:57:06","modified_gmt":"2025-12-01T08:57:06","slug":"gestione-del-centro-di-ritiro-cereali","status":"publish","type":"page","link":"https:\/\/bonificalamone.it\/WP\/gestione-del-centro-di-ritiro-cereali\/","title":{"rendered":"Gestione del centro di ritiro cereali"},"content":{"rendered":"\n<div class=\"wp-block-uagb-container uagb-block-31ce7774 alignfull uagb-is-root-container\"><div class=\"uagb-container-inner-blocks-wrap\">\n<div class=\"wp-block-uagb-container uagb-block-30046f34\">\n<p>Nel centro di stoccaggio dei cereali che si trova a Sant\u2019Alberto, ritiriamo e immagazziniamo grano, orzo, mais, soia, sorgo, girasole da olio.<\/p>\n\n\n\n<p>La presa diretta in carico dei prodotti ci permette di avere sotto mano in tempo reale i dati e i valori delle sementi, come peso specifico, proteine, umidit\u00e0; in questo caso se ad esempio un grano \u00e8 troppo umido, si pu\u00f2 posticipare la trebbiatura senza compromettere il raccolto.&nbsp;<\/p>\n\n\n\n<p>I 10 silos, 5 da 5.000 quintali e 5 da 10.000 quintali, permettono di stoccare separatamente le varie tipologie di grano, tenero o duro, sia convenzionale che valorizzato, suddiviso nei vari contratti con i mulini e con i grandi marchi del settore. Cos\u00ec immagazzinato \u00e8 costantemente monitorato con sonde e sensori che controllano umidit\u00e0, insetti e muffe, in modo da poter intervenire in modo tempestivo; l\u2019agricoltore \u00e8 in questo modo tutelato: una volta consegnato, il grano \u00e8 preso in carico dalla Bonifica Lamone ed \u00e8 conservato in tutta sicurezza.<\/p>\n\n\n\n<p>Il grande piazzale permette di accogliere le altre tipologie di sementi raccolte: in questo caso il centro di stoccaggio funge da snodo di smistamento: nell\u2019arco della stessa giornata il raccolto viene affidato ad autotrasportatori e portato nei centri dedicati allo stoccaggio di quel tipo di prodotto.<\/p>\n\n\n\n<p>Oltre a garantirci un contatto personale con gli agricoltori del territorio, il centro offre la possibilit\u00e0 ai soci di conferire il raccolto direttamente alla cooperativa, che, con contratti mirati, si impegna a commercializzarlo e ad offrire le migliori opzioni di mercato.&nbsp;<\/p>\n<\/div>\n\n\n\n<div class=\"wp-block-uagb-container uagb-block-661e8526\">\n<figure class=\"wp-block-image size-large\"><a href=\"https:\/\/bonificalamone.it\/WP\/wp-content\/uploads\/2025\/06\/IMG-20250520-WA0030-edited.jpg\"><img loading=\"lazy\" decoding=\"async\" width=\"1024\" height=\"1024\" src=\"https:\/\/bonificalamone.it\/WP\/wp-content\/uploads\/2025\/06\/IMG-20250520-WA0030-edited-1024x1024.jpg\" alt=\"\" class=\"wp-image-2966\" srcset=\"https:\/\/bonificalamone.it\/WP\/wp-content\/uploads\/2025\/06\/IMG-20250520-WA0030-edited-1024x1024.jpg 1024w, https:\/\/bonificalamone.it\/WP\/wp-content\/uploads\/2025\/06\/IMG-20250520-WA0030-edited-300x300.jpg 300w, https:\/\/bonificalamone.it\/WP\/wp-content\/uploads\/2025\/06\/IMG-20250520-WA0030-edited-150x150.jpg 150w, https:\/\/bonificalamone.it\/WP\/wp-content\/uploads\/2025\/06\/IMG-20250520-WA0030-edited-768x768.jpg 768w, https:\/\/bonificalamone.it\/WP\/wp-content\/uploads\/2025\/06\/IMG-20250520-WA0030-edited.jpg 1536w\" sizes=\"auto, (max-width: 1024px) 100vw, 1024px\" \/><\/a><\/figure>\n<\/div>\n<\/div><\/div>\n\n\n\n<div class=\"wp-block-columns has-ast-global-color-4-background-color has-background is-layout-flex wp-container-core-columns-is-layout-4f94af84 wp-block-columns-is-layout-flex\" style=\"margin-top:var(--wp--preset--spacing--80);margin-bottom:var(--wp--preset--spacing--80);padding-top:var(--wp--preset--spacing--60);padding-bottom:var(--wp--preset--spacing--60)\">\n<div class=\"wp-block-column is-layout-flow wp-block-column-is-layout-flow\" style=\"flex-basis:100%\">\n<div class=\"wp-block-uagb-call-to-action uagb-block-b212f386 wp-block-button\"><div class=\"uagb-cta__wrap\"><h3 class=\"uagb-cta__title\">Contattaci ora per avere maggiori informazioni sui nostri servizi o per diventare socio.<\/h3><p class=\"uagb-cta__desc\"><em>La cooperazione \u00e8 il nostro valore fondante. All\u2019interno della nostra realt\u00e0, ogni socio e collaboratore \u00e8 parte attiva di un progetto comune, dove il contributo di ciascuno \u00e8 valorizzato e rispettato.<\/em><\/p><\/div><div class=\"uagb-cta__buttons\"><a href=\"https:\/\/bonificalamone.it\/WP\/contatti\/\" class=\"uagb-cta__button-link-wrapper wp-block-button__link\" target=\"_self\" rel=\"noopener noreferrer\">Contattaci ora<svg xmlns=\"https:\/\/www.w3.org\/2000\/svg\" viewBox=\"0 0 512 512\"><path d=\"M504.3 273.6l-112.1 104c-6.992 6.484-17.18 8.218-25.94 4.406c-8.758-3.812-14.42-12.45-14.42-21.1L351.9 288H32C14.33 288 .0002 273.7 .0002 255.1S14.33 224 32 224h319.9l0-72c0-9.547 5.66-18.19 14.42-22c8.754-3.809 18.95-2.075 25.94 4.41l112.1 104C514.6 247.9 514.6 264.1 504.3 273.6z\"><\/path><\/svg><\/a><\/div><\/div>\n<\/div>\n<\/div>\n","protected":false},"excerpt":{"rendered":"<p>Nel centro di stoccaggio dei cereali che si trova a Sant\u2019Alberto, ritiriamo e immagazziniamo grano, orzo, mais, soia, sorgo, girasole da olio. La presa diretta in carico dei prodotti ci permette di avere sotto mano in tempo reale i dati e i valori delle sementi, come peso specifico, proteine, umidit\u00e0; in questo caso se ad [&hellip;]<\/p>\n","protected":false},"author":1,"featured_media":0,"parent":0,"menu_order":0,"comment_status":"closed","ping_status":"closed","template":"","meta":{"_uag_custom_page_level_css":"","_monsterinsights_skip_tracking":false,"_monsterinsights_sitenote_active":false,"_monsterinsights_sitenote_note":"","_monsterinsights_sitenote_category":0,"site-sidebar-layout":"default","site-content-layout":"","ast-site-content-layout":"default","site-content-style":"default","site-sidebar-style":"default","ast-global-header-display":"","ast-banner-title-visibility":"","ast-main-header-display":"","ast-hfb-above-header-display":"","ast-hfb-below-header-display":"","ast-hfb-mobile-header-display":"","site-post-title":"","ast-breadcrumbs-content":"","ast-featured-img":"","footer-sml-layout":"","theme-transparent-header-meta":"","adv-header-id-meta":"","stick-header-meta":"","header-above-stick-meta":"","header-main-stick-meta":"","header-below-stick-meta":"","astra-migrate-meta-layouts":"set","ast-page-background-enabled":"default","ast-page-background-meta":{"desktop":{"background-color":"var(--ast-global-color-4)","background-image":"","background-repeat":"repeat","background-position":"center center","background-size":"auto","background-attachment":"scroll","background-type":"","background-media":"","overlay-type":"","overlay-color":"","overlay-opacity":"","overlay-gradient":""},"tablet":{"background-color":"","background-image":"","background-repeat":"repeat","background-position":"center center","background-size":"auto","background-attachment":"scroll","background-type":"","background-media":"","overlay-type":"","overlay-color":"","overlay-opacity":"","overlay-gradient":""},"mobile":{"background-color":"","background-image":"","background-repeat":"repeat","background-position":"center center","background-size":"auto","background-attachment":"scroll","background-type":"","background-media":"","overlay-type":"","overlay-color":"","overlay-opacity":"","overlay-gradient":""}},"ast-content-background-meta":{"desktop":{"background-color":"var(--ast-global-color-5)","background-image":"","background-repeat":"repeat","background-position":"center center","background-size":"auto","background-attachment":"scroll","background-type":"","background-media":"","overlay-type":"","overlay-color":"","overlay-opacity":"","overlay-gradient":""},"tablet":{"background-color":"var(--ast-global-color-5)","background-image":"","background-repeat":"repeat","background-position":"center center","background-size":"auto","background-attachment":"scroll","background-type":"","background-media":"","overlay-type":"","overlay-color":"","overlay-opacity":"","overlay-gradient":""},"mobile":{"background-color":"var(--ast-global-color-5)","background-image":"","background-repeat":"repeat","background-position":"center center","background-size":"auto","background-attachment":"scroll","background-type":"","background-media":"","overlay-type":"","overlay-color":"","overlay-opacity":"","overlay-gradient":""}},"footnotes":""},"class_list":["post-2740","page","type-page","status-publish","hentry"],"yoast_head":"<!-- This site is optimized with the Yoast SEO plugin v27.5 - https:\/\/yoast.com\/product\/yoast-seo-wordpress\/ -->\n<title>Gestione del centro di ritiro cereali - Bonifica Lamone<\/title>\n<meta name=\"robots\" content=\"index, follow, max-snippet:-1, max-image-preview:large, max-video-preview:-1\" \/>\n<link rel=\"canonical\" href=\"https:\/\/bonificalamone.it\/WP\/gestione-del-centro-di-ritiro-cereali\/\" \/>\n<meta property=\"og:locale\" content=\"it_IT\" \/>\n<meta property=\"og:type\" content=\"article\" \/>\n<meta property=\"og:title\" content=\"Gestione del centro di ritiro cereali - Bonifica Lamone\" \/>\n<meta property=\"og:description\" content=\"Nel centro di stoccaggio dei cereali che si trova a Sant\u2019Alberto, ritiriamo e immagazziniamo grano, orzo, mais, soia, sorgo, girasole da olio. La presa diretta in carico dei prodotti ci permette di avere sotto mano in tempo reale i dati e i valori delle sementi, come peso specifico, proteine, umidit\u00e0; in questo caso se ad [&hellip;]\" \/>\n<meta property=\"og:url\" content=\"https:\/\/bonificalamone.it\/WP\/gestione-del-centro-di-ritiro-cereali\/\" \/>\n<meta property=\"og:site_name\" content=\"Bonifica Lamone\" \/>\n<meta property=\"article:modified_time\" content=\"2025-12-01T08:57:06+00:00\" \/>\n<meta property=\"og:image\" content=\"https:\/\/bonificalamone.it\/WP\/wp-content\/uploads\/2025\/06\/IMG-20250520-WA0030-edited.jpg\" \/>\n\t<meta property=\"og:image:width\" content=\"1536\" \/>\n\t<meta property=\"og:image:height\" content=\"1536\" \/>\n\t<meta property=\"og:image:type\" content=\"image\/jpeg\" \/>\n<meta name=\"twitter:label1\" content=\"Tempo di lettura stimato\" \/>\n\t<meta name=\"twitter:data1\" content=\"2 minuti\" \/>\n<script type=\"application\/ld+json\" class=\"yoast-schema-graph\">{\"@context\":\"https:\\\/\\\/schema.org\",\"@graph\":[{\"@type\":\"WebPage\",\"@id\":\"https:\\\/\\\/bonificalamone.it\\\/WP\\\/gestione-del-centro-di-ritiro-cereali\\\/\",\"url\":\"https:\\\/\\\/bonificalamone.it\\\/WP\\\/gestione-del-centro-di-ritiro-cereali\\\/\",\"name\":\"Gestione del centro di ritiro cereali - Bonifica Lamone\",\"isPartOf\":{\"@id\":\"https:\\\/\\\/bonificalamone.it\\\/WP\\\/#website\"},\"primaryImageOfPage\":{\"@id\":\"https:\\\/\\\/bonificalamone.it\\\/WP\\\/gestione-del-centro-di-ritiro-cereali\\\/#primaryimage\"},\"image\":{\"@id\":\"https:\\\/\\\/bonificalamone.it\\\/WP\\\/gestione-del-centro-di-ritiro-cereali\\\/#primaryimage\"},\"thumbnailUrl\":\"https:\\\/\\\/bonificalamone.it\\\/WP\\\/wp-content\\\/uploads\\\/2025\\\/06\\\/IMG-20250520-WA0030-edited-1024x1024.jpg\",\"datePublished\":\"2025-05-05T10:25:47+00:00\",\"dateModified\":\"2025-12-01T08:57:06+00:00\",\"breadcrumb\":{\"@id\":\"https:\\\/\\\/bonificalamone.it\\\/WP\\\/gestione-del-centro-di-ritiro-cereali\\\/#breadcrumb\"},\"inLanguage\":\"it-IT\",\"potentialAction\":[{\"@type\":\"ReadAction\",\"target\":[\"https:\\\/\\\/bonificalamone.it\\\/WP\\\/gestione-del-centro-di-ritiro-cereali\\\/\"]}]},{\"@type\":\"ImageObject\",\"inLanguage\":\"it-IT\",\"@id\":\"https:\\\/\\\/bonificalamone.it\\\/WP\\\/gestione-del-centro-di-ritiro-cereali\\\/#primaryimage\",\"url\":\"https:\\\/\\\/bonificalamone.it\\\/WP\\\/wp-content\\\/uploads\\\/2025\\\/06\\\/IMG-20250520-WA0030-edited.jpg\",\"contentUrl\":\"https:\\\/\\\/bonificalamone.it\\\/WP\\\/wp-content\\\/uploads\\\/2025\\\/06\\\/IMG-20250520-WA0030-edited.jpg\",\"width\":1536,\"height\":1536},{\"@type\":\"BreadcrumbList\",\"@id\":\"https:\\\/\\\/bonificalamone.it\\\/WP\\\/gestione-del-centro-di-ritiro-cereali\\\/#breadcrumb\",\"itemListElement\":[{\"@type\":\"ListItem\",\"position\":1,\"name\":\"Home\",\"item\":\"https:\\\/\\\/bonificalamone.it\\\/WP\\\/\"},{\"@type\":\"ListItem\",\"position\":2,\"name\":\"Gestione del centro di ritiro cereali\"}]},{\"@type\":\"WebSite\",\"@id\":\"https:\\\/\\\/bonificalamone.it\\\/WP\\\/#website\",\"url\":\"https:\\\/\\\/bonificalamone.it\\\/WP\\\/\",\"name\":\"Bonifica Lamone\",\"description\":\"La Cooperativa Agricola\",\"publisher\":{\"@id\":\"https:\\\/\\\/bonificalamone.it\\\/WP\\\/#organization\"},\"potentialAction\":[{\"@type\":\"SearchAction\",\"target\":{\"@type\":\"EntryPoint\",\"urlTemplate\":\"https:\\\/\\\/bonificalamone.it\\\/WP\\\/?s={search_term_string}\"},\"query-input\":{\"@type\":\"PropertyValueSpecification\",\"valueRequired\":true,\"valueName\":\"search_term_string\"}}],\"inLanguage\":\"it-IT\"},{\"@type\":\"Organization\",\"@id\":\"https:\\\/\\\/bonificalamone.it\\\/WP\\\/#organization\",\"name\":\"Bonifica Lamone\",\"url\":\"https:\\\/\\\/bonificalamone.it\\\/WP\\\/\",\"logo\":{\"@type\":\"ImageObject\",\"inLanguage\":\"it-IT\",\"@id\":\"https:\\\/\\\/bonificalamone.it\\\/WP\\\/#\\\/schema\\\/logo\\\/image\\\/\",\"url\":\"https:\\\/\\\/bonificalamone.it\\\/WP\\\/wp-content\\\/uploads\\\/2025\\\/07\\\/cropped-logo-nuovo-sito-1024x341-1.jpg\",\"contentUrl\":\"https:\\\/\\\/bonificalamone.it\\\/WP\\\/wp-content\\\/uploads\\\/2025\\\/07\\\/cropped-logo-nuovo-sito-1024x341-1.jpg\",\"width\":1024,\"height\":341,\"caption\":\"Bonifica Lamone\"},\"image\":{\"@id\":\"https:\\\/\\\/bonificalamone.it\\\/WP\\\/#\\\/schema\\\/logo\\\/image\\\/\"}}]}<\/script>\n<!-- \/ Yoast SEO plugin. -->","yoast_head_json":{"title":"Gestione del centro di ritiro cereali - Bonifica Lamone","robots":{"index":"index","follow":"follow","max-snippet":"max-snippet:-1","max-image-preview":"max-image-preview:large","max-video-preview":"max-video-preview:-1"},"canonical":"https:\/\/bonificalamone.it\/WP\/gestione-del-centro-di-ritiro-cereali\/","og_locale":"it_IT","og_type":"article","og_title":"Gestione del centro di ritiro cereali - Bonifica Lamone","og_description":"Nel centro di stoccaggio dei cereali che si trova a Sant\u2019Alberto, ritiriamo e immagazziniamo grano, orzo, mais, soia, sorgo, girasole da olio. La presa diretta in carico dei prodotti ci permette di avere sotto mano in tempo reale i dati e i valori delle sementi, come peso specifico, proteine, umidit\u00e0; in questo caso se ad [&hellip;]","og_url":"https:\/\/bonificalamone.it\/WP\/gestione-del-centro-di-ritiro-cereali\/","og_site_name":"Bonifica Lamone","article_modified_time":"2025-12-01T08:57:06+00:00","og_image":[{"width":1536,"height":1536,"url":"https:\/\/bonificalamone.it\/WP\/wp-content\/uploads\/2025\/06\/IMG-20250520-WA0030-edited.jpg","type":"image\/jpeg"}],"twitter_misc":{"Tempo di lettura stimato":"2 minuti"},"schema":{"@context":"https:\/\/schema.org","@graph":[{"@type":"WebPage","@id":"https:\/\/bonificalamone.it\/WP\/gestione-del-centro-di-ritiro-cereali\/","url":"https:\/\/bonificalamone.it\/WP\/gestione-del-centro-di-ritiro-cereali\/","name":"Gestione del centro di ritiro cereali - Bonifica Lamone","isPartOf":{"@id":"https:\/\/bonificalamone.it\/WP\/#website"},"primaryImageOfPage":{"@id":"https:\/\/bonificalamone.it\/WP\/gestione-del-centro-di-ritiro-cereali\/#primaryimage"},"image":{"@id":"https:\/\/bonificalamone.it\/WP\/gestione-del-centro-di-ritiro-cereali\/#primaryimage"},"thumbnailUrl":"https:\/\/bonificalamone.it\/WP\/wp-content\/uploads\/2025\/06\/IMG-20250520-WA0030-edited-1024x1024.jpg","datePublished":"2025-05-05T10:25:47+00:00","dateModified":"2025-12-01T08:57:06+00:00","breadcrumb":{"@id":"https:\/\/bonificalamone.it\/WP\/gestione-del-centro-di-ritiro-cereali\/#breadcrumb"},"inLanguage":"it-IT","potentialAction":[{"@type":"ReadAction","target":["https:\/\/bonificalamone.it\/WP\/gestione-del-centro-di-ritiro-cereali\/"]}]},{"@type":"ImageObject","inLanguage":"it-IT","@id":"https:\/\/bonificalamone.it\/WP\/gestione-del-centro-di-ritiro-cereali\/#primaryimage","url":"https:\/\/bonificalamone.it\/WP\/wp-content\/uploads\/2025\/06\/IMG-20250520-WA0030-edited.jpg","contentUrl":"https:\/\/bonificalamone.it\/WP\/wp-content\/uploads\/2025\/06\/IMG-20250520-WA0030-edited.jpg","width":1536,"height":1536},{"@type":"BreadcrumbList","@id":"https:\/\/bonificalamone.it\/WP\/gestione-del-centro-di-ritiro-cereali\/#breadcrumb","itemListElement":[{"@type":"ListItem","position":1,"name":"Home","item":"https:\/\/bonificalamone.it\/WP\/"},{"@type":"ListItem","position":2,"name":"Gestione del centro di ritiro cereali"}]},{"@type":"WebSite","@id":"https:\/\/bonificalamone.it\/WP\/#website","url":"https:\/\/bonificalamone.it\/WP\/","name":"Bonifica Lamone","description":"La Cooperativa Agricola","publisher":{"@id":"https:\/\/bonificalamone.it\/WP\/#organization"},"potentialAction":[{"@type":"SearchAction","target":{"@type":"EntryPoint","urlTemplate":"https:\/\/bonificalamone.it\/WP\/?s={search_term_string}"},"query-input":{"@type":"PropertyValueSpecification","valueRequired":true,"valueName":"search_term_string"}}],"inLanguage":"it-IT"},{"@type":"Organization","@id":"https:\/\/bonificalamone.it\/WP\/#organization","name":"Bonifica Lamone","url":"https:\/\/bonificalamone.it\/WP\/","logo":{"@type":"ImageObject","inLanguage":"it-IT","@id":"https:\/\/bonificalamone.it\/WP\/#\/schema\/logo\/image\/","url":"https:\/\/bonificalamone.it\/WP\/wp-content\/uploads\/2025\/07\/cropped-logo-nuovo-sito-1024x341-1.jpg","contentUrl":"https:\/\/bonificalamone.it\/WP\/wp-content\/uploads\/2025\/07\/cropped-logo-nuovo-sito-1024x341-1.jpg","width":1024,"height":341,"caption":"Bonifica Lamone"},"image":{"@id":"https:\/\/bonificalamone.it\/WP\/#\/schema\/logo\/image\/"}}]}},"uagb_featured_image_src":{"full":false,"thumbnail":false,"medium":false,"medium_large":false,"large":false,"1536x1536":false,"2048x2048":false},"uagb_author_info":{"display_name":"admin","author_link":"https:\/\/bonificalamone.it\/WP\/author\/admin\/"},"uagb_comment_info":0,"uagb_excerpt":"Nel centro di stoccaggio dei cereali che si trova a Sant\u2019Alberto, ritiriamo e immagazziniamo grano, orzo, mais, soia, sorgo, girasole da olio. La presa diretta in carico dei prodotti ci permette di avere sotto mano in tempo reale i dati e i valori delle sementi, come peso specifico, proteine, umidit\u00e0; in questo caso se ad&hellip;","_links":{"self":[{"href":"https:\/\/bonificalamone.it\/WP\/wp-json\/wp\/v2\/pages\/2740","targetHints":{"allow":["GET"]}}],"collection":[{"href":"https:\/\/bonificalamone.it\/WP\/wp-json\/wp\/v2\/pages"}],"about":[{"href":"https:\/\/bonificalamone.it\/WP\/wp-json\/wp\/v2\/types\/page"}],"author":[{"embeddable":true,"href":"https:\/\/bonificalamone.it\/WP\/wp-json\/wp\/v2\/users\/1"}],"replies":[{"embeddable":true,"href":"https:\/\/bonificalamone.it\/WP\/wp-json\/wp\/v2\/comments?post=2740"}],"version-history":[{"count":3,"href":"https:\/\/bonificalamone.it\/WP\/wp-json\/wp\/v2\/pages\/2740\/revisions"}],"predecessor-version":[{"id":3160,"href":"https:\/\/bonificalamone.it\/WP\/wp-json\/wp\/v2\/pages\/2740\/revisions\/3160"}],"wp:attachment":[{"href":"https:\/\/bonificalamone.it\/WP\/wp-json\/wp\/v2\/media?parent=2740"}],"curies":[{"name":"wp","href":"https:\/\/api.w.org\/{rel}","templated":true}]}}