{"id":2737,"date":"2025-05-05T12:25:47","date_gmt":"2025-05-05T10:25:47","guid":{"rendered":"https:\/\/bonificalamone.it\/WP\/?page_id=2737"},"modified":"2025-12-01T09:55:43","modified_gmt":"2025-12-01T08:55:43","slug":"vendita-prodotti","status":"publish","type":"page","link":"https:\/\/bonificalamone.it\/WP\/vendita-prodotti\/","title":{"rendered":"Vendita di prodotti per l&#8217;agricoltura"},"content":{"rendered":"\n<div class=\"wp-block-uagb-container uagb-block-31ce7774 alignfull uagb-is-root-container\"><div class=\"uagb-container-inner-blocks-wrap\">\n<div class=\"wp-block-uagb-container uagb-block-30046f34\">\n<p>Sia presso la nostra sede di via Carlina, che al nostro punto vendita di Sant\u2019Antonio, \u00e8 possibile acquistare svariati prodotti tecnici: dalle sementi ai fitofarmaci, dai concimi ai mangimi per gli animali \u00e8 disponibile una vasta scelta di articoli. La presenza costante di tecnici formati arricchisce e d\u00e0 lustro al nostro negozio di Sant\u2019Antonio: possono fornire in tempo reale risposte alle svariate problematiche che le coltivazioni possono presentare e offrire soluzioni tecniche e materiali immediate: l\u2019ampia scelta di fitofarmaci e concimi \u00e8 costantemente aggiornata e se un determinato prodotto non \u00e8 presente in quel momento, sar\u00e0 premura metterlo a disposizione nel minor tempo possibile.&nbsp;<\/p>\n\n\n\n<p>Per carichi di grandi dimensioni siamo disponibili anche per la consegna a domicilio.<\/p>\n<\/div>\n\n\n\n<div class=\"wp-block-uagb-container uagb-block-661e8526\">\n<figure class=\"wp-block-image size-full\"><a href=\"https:\/\/bonificalamone.it\/WP\/wp-content\/uploads\/2025\/07\/savarna-bonifica-lamone-3-300x225-1.jpg\"><img loading=\"lazy\" decoding=\"async\" width=\"300\" height=\"225\" src=\"https:\/\/bonificalamone.it\/WP\/wp-content\/uploads\/2025\/07\/savarna-bonifica-lamone-3-300x225-1.jpg\" alt=\"\" class=\"wp-image-3061\"\/><\/a><\/figure>\n<\/div>\n<\/div><\/div>\n\n\n\n<div class=\"wp-block-columns has-ast-global-color-4-background-color has-background is-layout-flex wp-container-core-columns-is-layout-4f94af84 wp-block-columns-is-layout-flex\" style=\"margin-top:var(--wp--preset--spacing--80);margin-bottom:var(--wp--preset--spacing--80);padding-top:var(--wp--preset--spacing--60);padding-bottom:var(--wp--preset--spacing--60)\">\n<div class=\"wp-block-column is-layout-flow wp-block-column-is-layout-flow\" style=\"flex-basis:100%\">\n<div class=\"wp-block-uagb-call-to-action uagb-block-b212f386 wp-block-button\"><div class=\"uagb-cta__wrap\"><h3 class=\"uagb-cta__title\">Contattaci ora per avere maggiori informazioni sui nostri servizi o per diventare socio.<\/h3><p class=\"uagb-cta__desc\"><em>La cooperazione \u00e8 il nostro valore fondante. All\u2019interno della nostra realt\u00e0, ogni socio e collaboratore \u00e8 parte attiva di un progetto comune, dove il contributo di ciascuno \u00e8 valorizzato e rispettato.<\/em><\/p><\/div><div class=\"uagb-cta__buttons\"><a href=\"https:\/\/bonificalamone.it\/WP\/contatti\/\" class=\"uagb-cta__button-link-wrapper wp-block-button__link\" target=\"_self\" rel=\"noopener noreferrer\">Contattaci ora<svg xmlns=\"https:\/\/www.w3.org\/2000\/svg\" viewBox=\"0 0 512 512\"><path d=\"M504.3 273.6l-112.1 104c-6.992 6.484-17.18 8.218-25.94 4.406c-8.758-3.812-14.42-12.45-14.42-21.1L351.9 288H32C14.33 288 .0002 273.7 .0002 255.1S14.33 224 32 224h319.9l0-72c0-9.547 5.66-18.19 14.42-22c8.754-3.809 18.95-2.075 25.94 4.41l112.1 104C514.6 247.9 514.6 264.1 504.3 273.6z\"><\/path><\/svg><\/a><\/div><\/div>\n<\/div>\n<\/div>\n","protected":false},"excerpt":{"rendered":"<p>Sia presso la nostra sede di via Carlina, che al nostro punto vendita di Sant\u2019Antonio, \u00e8 possibile acquistare svariati prodotti tecnici: dalle sementi ai fitofarmaci, dai concimi ai mangimi per gli animali \u00e8 disponibile una vasta scelta di articoli. La presenza costante di tecnici formati arricchisce e d\u00e0 lustro al nostro negozio di Sant\u2019Antonio: possono [&hellip;]<\/p>\n","protected":false},"author":1,"featured_media":0,"parent":0,"menu_order":0,"comment_status":"closed","ping_status":"closed","template":"","meta":{"_uag_custom_page_level_css":"","_monsterinsights_skip_tracking":false,"_monsterinsights_sitenote_active":false,"_monsterinsights_sitenote_note":"","_monsterinsights_sitenote_category":0,"site-sidebar-layout":"default","site-content-layout":"","ast-site-content-layout":"default","site-content-style":"default","site-sidebar-style":"default","ast-global-header-display":"","ast-banner-title-visibility":"","ast-main-header-display":"","ast-hfb-above-header-display":"","ast-hfb-below-header-display":"","ast-hfb-mobile-header-display":"","site-post-title":"","ast-breadcrumbs-content":"","ast-featured-img":"","footer-sml-layout":"","theme-transparent-header-meta":"","adv-header-id-meta":"","stick-header-meta":"","header-above-stick-meta":"","header-main-stick-meta":"","header-below-stick-meta":"","astra-migrate-meta-layouts":"set","ast-page-background-enabled":"default","ast-page-background-meta":{"desktop":{"background-color":"var(--ast-global-color-4)","background-image":"","background-repeat":"repeat","background-position":"center center","background-size":"auto","background-attachment":"scroll","background-type":"","background-media":"","overlay-type":"","overlay-color":"","overlay-opacity":"","overlay-gradient":""},"tablet":{"background-color":"","background-image":"","background-repeat":"repeat","background-position":"center center","background-size":"auto","background-attachment":"scroll","background-type":"","background-media":"","overlay-type":"","overlay-color":"","overlay-opacity":"","overlay-gradient":""},"mobile":{"background-color":"","background-image":"","background-repeat":"repeat","background-position":"center center","background-size":"auto","background-attachment":"scroll","background-type":"","background-media":"","overlay-type":"","overlay-color":"","overlay-opacity":"","overlay-gradient":""}},"ast-content-background-meta":{"desktop":{"background-color":"var(--ast-global-color-5)","background-image":"","background-repeat":"repeat","background-position":"center center","background-size":"auto","background-attachment":"scroll","background-type":"","background-media":"","overlay-type":"","overlay-color":"","overlay-opacity":"","overlay-gradient":""},"tablet":{"background-color":"var(--ast-global-color-5)","background-image":"","background-repeat":"repeat","background-position":"center center","background-size":"auto","background-attachment":"scroll","background-type":"","background-media":"","overlay-type":"","overlay-color":"","overlay-opacity":"","overlay-gradient":""},"mobile":{"background-color":"var(--ast-global-color-5)","background-image":"","background-repeat":"repeat","background-position":"center center","background-size":"auto","background-attachment":"scroll","background-type":"","background-media":"","overlay-type":"","overlay-color":"","overlay-opacity":"","overlay-gradient":""}},"footnotes":""},"class_list":["post-2737","page","type-page","status-publish","hentry"],"yoast_head":"<!-- This site is optimized with the Yoast SEO plugin v27.5 - https:\/\/yoast.com\/product\/yoast-seo-wordpress\/ -->\n<title>Vendita di prodotti per l&#039;agricoltura - Bonifica Lamone<\/title>\n<meta name=\"robots\" content=\"index, follow, max-snippet:-1, max-image-preview:large, max-video-preview:-1\" \/>\n<link rel=\"canonical\" href=\"https:\/\/bonificalamone.it\/WP\/vendita-prodotti\/\" \/>\n<meta property=\"og:locale\" content=\"it_IT\" \/>\n<meta property=\"og:type\" content=\"article\" \/>\n<meta property=\"og:title\" content=\"Vendita di prodotti per l&#039;agricoltura - Bonifica Lamone\" \/>\n<meta property=\"og:description\" content=\"Sia presso la nostra sede di via Carlina, che al nostro punto vendita di Sant\u2019Antonio, \u00e8 possibile acquistare svariati prodotti tecnici: dalle sementi ai fitofarmaci, dai concimi ai mangimi per gli animali \u00e8 disponibile una vasta scelta di articoli. La presenza costante di tecnici formati arricchisce e d\u00e0 lustro al nostro negozio di Sant\u2019Antonio: possono [&hellip;]\" \/>\n<meta property=\"og:url\" content=\"https:\/\/bonificalamone.it\/WP\/vendita-prodotti\/\" \/>\n<meta property=\"og:site_name\" content=\"Bonifica Lamone\" \/>\n<meta property=\"article:modified_time\" content=\"2025-12-01T08:55:43+00:00\" \/>\n<meta property=\"og:image\" content=\"https:\/\/bonificalamone.it\/WP\/wp-content\/uploads\/2025\/07\/savarna-bonifica-lamone-3-300x225-1.jpg\" \/>\n\t<meta property=\"og:image:width\" content=\"300\" \/>\n\t<meta property=\"og:image:height\" content=\"225\" \/>\n\t<meta property=\"og:image:type\" content=\"image\/jpeg\" \/>\n<meta name=\"twitter:label1\" content=\"Tempo di lettura stimato\" \/>\n\t<meta name=\"twitter:data1\" content=\"2 minuti\" \/>\n<script type=\"application\/ld+json\" class=\"yoast-schema-graph\">{\"@context\":\"https:\\\/\\\/schema.org\",\"@graph\":[{\"@type\":\"WebPage\",\"@id\":\"https:\\\/\\\/bonificalamone.it\\\/WP\\\/vendita-prodotti\\\/\",\"url\":\"https:\\\/\\\/bonificalamone.it\\\/WP\\\/vendita-prodotti\\\/\",\"name\":\"Vendita di prodotti per l'agricoltura - Bonifica Lamone\",\"isPartOf\":{\"@id\":\"https:\\\/\\\/bonificalamone.it\\\/WP\\\/#website\"},\"primaryImageOfPage\":{\"@id\":\"https:\\\/\\\/bonificalamone.it\\\/WP\\\/vendita-prodotti\\\/#primaryimage\"},\"image\":{\"@id\":\"https:\\\/\\\/bonificalamone.it\\\/WP\\\/vendita-prodotti\\\/#primaryimage\"},\"thumbnailUrl\":\"https:\\\/\\\/bonificalamone.it\\\/WP\\\/wp-content\\\/uploads\\\/2025\\\/07\\\/savarna-bonifica-lamone-3-300x225-1.jpg\",\"datePublished\":\"2025-05-05T10:25:47+00:00\",\"dateModified\":\"2025-12-01T08:55:43+00:00\",\"breadcrumb\":{\"@id\":\"https:\\\/\\\/bonificalamone.it\\\/WP\\\/vendita-prodotti\\\/#breadcrumb\"},\"inLanguage\":\"it-IT\",\"potentialAction\":[{\"@type\":\"ReadAction\",\"target\":[\"https:\\\/\\\/bonificalamone.it\\\/WP\\\/vendita-prodotti\\\/\"]}]},{\"@type\":\"ImageObject\",\"inLanguage\":\"it-IT\",\"@id\":\"https:\\\/\\\/bonificalamone.it\\\/WP\\\/vendita-prodotti\\\/#primaryimage\",\"url\":\"https:\\\/\\\/bonificalamone.it\\\/WP\\\/wp-content\\\/uploads\\\/2025\\\/07\\\/savarna-bonifica-lamone-3-300x225-1.jpg\",\"contentUrl\":\"https:\\\/\\\/bonificalamone.it\\\/WP\\\/wp-content\\\/uploads\\\/2025\\\/07\\\/savarna-bonifica-lamone-3-300x225-1.jpg\",\"width\":300,\"height\":225},{\"@type\":\"BreadcrumbList\",\"@id\":\"https:\\\/\\\/bonificalamone.it\\\/WP\\\/vendita-prodotti\\\/#breadcrumb\",\"itemListElement\":[{\"@type\":\"ListItem\",\"position\":1,\"name\":\"Home\",\"item\":\"https:\\\/\\\/bonificalamone.it\\\/WP\\\/\"},{\"@type\":\"ListItem\",\"position\":2,\"name\":\"Vendita di prodotti per l&#8217;agricoltura\"}]},{\"@type\":\"WebSite\",\"@id\":\"https:\\\/\\\/bonificalamone.it\\\/WP\\\/#website\",\"url\":\"https:\\\/\\\/bonificalamone.it\\\/WP\\\/\",\"name\":\"Bonifica Lamone\",\"description\":\"La Cooperativa Agricola\",\"publisher\":{\"@id\":\"https:\\\/\\\/bonificalamone.it\\\/WP\\\/#organization\"},\"potentialAction\":[{\"@type\":\"SearchAction\",\"target\":{\"@type\":\"EntryPoint\",\"urlTemplate\":\"https:\\\/\\\/bonificalamone.it\\\/WP\\\/?s={search_term_string}\"},\"query-input\":{\"@type\":\"PropertyValueSpecification\",\"valueRequired\":true,\"valueName\":\"search_term_string\"}}],\"inLanguage\":\"it-IT\"},{\"@type\":\"Organization\",\"@id\":\"https:\\\/\\\/bonificalamone.it\\\/WP\\\/#organization\",\"name\":\"Bonifica Lamone\",\"url\":\"https:\\\/\\\/bonificalamone.it\\\/WP\\\/\",\"logo\":{\"@type\":\"ImageObject\",\"inLanguage\":\"it-IT\",\"@id\":\"https:\\\/\\\/bonificalamone.it\\\/WP\\\/#\\\/schema\\\/logo\\\/image\\\/\",\"url\":\"https:\\\/\\\/bonificalamone.it\\\/WP\\\/wp-content\\\/uploads\\\/2025\\\/07\\\/cropped-logo-nuovo-sito-1024x341-1.jpg\",\"contentUrl\":\"https:\\\/\\\/bonificalamone.it\\\/WP\\\/wp-content\\\/uploads\\\/2025\\\/07\\\/cropped-logo-nuovo-sito-1024x341-1.jpg\",\"width\":1024,\"height\":341,\"caption\":\"Bonifica Lamone\"},\"image\":{\"@id\":\"https:\\\/\\\/bonificalamone.it\\\/WP\\\/#\\\/schema\\\/logo\\\/image\\\/\"}}]}<\/script>\n<!-- \/ Yoast SEO plugin. -->","yoast_head_json":{"title":"Vendita di prodotti per l'agricoltura - Bonifica Lamone","robots":{"index":"index","follow":"follow","max-snippet":"max-snippet:-1","max-image-preview":"max-image-preview:large","max-video-preview":"max-video-preview:-1"},"canonical":"https:\/\/bonificalamone.it\/WP\/vendita-prodotti\/","og_locale":"it_IT","og_type":"article","og_title":"Vendita di prodotti per l'agricoltura - Bonifica Lamone","og_description":"Sia presso la nostra sede di via Carlina, che al nostro punto vendita di Sant\u2019Antonio, \u00e8 possibile acquistare svariati prodotti tecnici: dalle sementi ai fitofarmaci, dai concimi ai mangimi per gli animali \u00e8 disponibile una vasta scelta di articoli. La presenza costante di tecnici formati arricchisce e d\u00e0 lustro al nostro negozio di Sant\u2019Antonio: possono [&hellip;]","og_url":"https:\/\/bonificalamone.it\/WP\/vendita-prodotti\/","og_site_name":"Bonifica Lamone","article_modified_time":"2025-12-01T08:55:43+00:00","og_image":[{"width":300,"height":225,"url":"https:\/\/bonificalamone.it\/WP\/wp-content\/uploads\/2025\/07\/savarna-bonifica-lamone-3-300x225-1.jpg","type":"image\/jpeg"}],"twitter_misc":{"Tempo di lettura stimato":"2 minuti"},"schema":{"@context":"https:\/\/schema.org","@graph":[{"@type":"WebPage","@id":"https:\/\/bonificalamone.it\/WP\/vendita-prodotti\/","url":"https:\/\/bonificalamone.it\/WP\/vendita-prodotti\/","name":"Vendita di prodotti per l'agricoltura - Bonifica Lamone","isPartOf":{"@id":"https:\/\/bonificalamone.it\/WP\/#website"},"primaryImageOfPage":{"@id":"https:\/\/bonificalamone.it\/WP\/vendita-prodotti\/#primaryimage"},"image":{"@id":"https:\/\/bonificalamone.it\/WP\/vendita-prodotti\/#primaryimage"},"thumbnailUrl":"https:\/\/bonificalamone.it\/WP\/wp-content\/uploads\/2025\/07\/savarna-bonifica-lamone-3-300x225-1.jpg","datePublished":"2025-05-05T10:25:47+00:00","dateModified":"2025-12-01T08:55:43+00:00","breadcrumb":{"@id":"https:\/\/bonificalamone.it\/WP\/vendita-prodotti\/#breadcrumb"},"inLanguage":"it-IT","potentialAction":[{"@type":"ReadAction","target":["https:\/\/bonificalamone.it\/WP\/vendita-prodotti\/"]}]},{"@type":"ImageObject","inLanguage":"it-IT","@id":"https:\/\/bonificalamone.it\/WP\/vendita-prodotti\/#primaryimage","url":"https:\/\/bonificalamone.it\/WP\/wp-content\/uploads\/2025\/07\/savarna-bonifica-lamone-3-300x225-1.jpg","contentUrl":"https:\/\/bonificalamone.it\/WP\/wp-content\/uploads\/2025\/07\/savarna-bonifica-lamone-3-300x225-1.jpg","width":300,"height":225},{"@type":"BreadcrumbList","@id":"https:\/\/bonificalamone.it\/WP\/vendita-prodotti\/#breadcrumb","itemListElement":[{"@type":"ListItem","position":1,"name":"Home","item":"https:\/\/bonificalamone.it\/WP\/"},{"@type":"ListItem","position":2,"name":"Vendita di prodotti per l&#8217;agricoltura"}]},{"@type":"WebSite","@id":"https:\/\/bonificalamone.it\/WP\/#website","url":"https:\/\/bonificalamone.it\/WP\/","name":"Bonifica Lamone","description":"La Cooperativa Agricola","publisher":{"@id":"https:\/\/bonificalamone.it\/WP\/#organization"},"potentialAction":[{"@type":"SearchAction","target":{"@type":"EntryPoint","urlTemplate":"https:\/\/bonificalamone.it\/WP\/?s={search_term_string}"},"query-input":{"@type":"PropertyValueSpecification","valueRequired":true,"valueName":"search_term_string"}}],"inLanguage":"it-IT"},{"@type":"Organization","@id":"https:\/\/bonificalamone.it\/WP\/#organization","name":"Bonifica Lamone","url":"https:\/\/bonificalamone.it\/WP\/","logo":{"@type":"ImageObject","inLanguage":"it-IT","@id":"https:\/\/bonificalamone.it\/WP\/#\/schema\/logo\/image\/","url":"https:\/\/bonificalamone.it\/WP\/wp-content\/uploads\/2025\/07\/cropped-logo-nuovo-sito-1024x341-1.jpg","contentUrl":"https:\/\/bonificalamone.it\/WP\/wp-content\/uploads\/2025\/07\/cropped-logo-nuovo-sito-1024x341-1.jpg","width":1024,"height":341,"caption":"Bonifica Lamone"},"image":{"@id":"https:\/\/bonificalamone.it\/WP\/#\/schema\/logo\/image\/"}}]}},"uagb_featured_image_src":{"full":false,"thumbnail":false,"medium":false,"medium_large":false,"large":false,"1536x1536":false,"2048x2048":false},"uagb_author_info":{"display_name":"admin","author_link":"https:\/\/bonificalamone.it\/WP\/author\/admin\/"},"uagb_comment_info":0,"uagb_excerpt":"Sia presso la nostra sede di via Carlina, che al nostro punto vendita di Sant\u2019Antonio, \u00e8 possibile acquistare svariati prodotti tecnici: dalle sementi ai fitofarmaci, dai concimi ai mangimi per gli animali \u00e8 disponibile una vasta scelta di articoli. La presenza costante di tecnici formati arricchisce e d\u00e0 lustro al nostro negozio di Sant\u2019Antonio: possono&hellip;","_links":{"self":[{"href":"https:\/\/bonificalamone.it\/WP\/wp-json\/wp\/v2\/pages\/2737","targetHints":{"allow":["GET"]}}],"collection":[{"href":"https:\/\/bonificalamone.it\/WP\/wp-json\/wp\/v2\/pages"}],"about":[{"href":"https:\/\/bonificalamone.it\/WP\/wp-json\/wp\/v2\/types\/page"}],"author":[{"embeddable":true,"href":"https:\/\/bonificalamone.it\/WP\/wp-json\/wp\/v2\/users\/1"}],"replies":[{"embeddable":true,"href":"https:\/\/bonificalamone.it\/WP\/wp-json\/wp\/v2\/comments?post=2737"}],"version-history":[{"count":6,"href":"https:\/\/bonificalamone.it\/WP\/wp-json\/wp\/v2\/pages\/2737\/revisions"}],"predecessor-version":[{"id":3157,"href":"https:\/\/bonificalamone.it\/WP\/wp-json\/wp\/v2\/pages\/2737\/revisions\/3157"}],"wp:attachment":[{"href":"https:\/\/bonificalamone.it\/WP\/wp-json\/wp\/v2\/media?parent=2737"}],"curies":[{"name":"wp","href":"https:\/\/api.w.org\/{rel}","templated":true}]}}