{"id":2734,"date":"2025-05-05T12:25:46","date_gmt":"2025-05-05T10:25:46","guid":{"rendered":"https:\/\/bonificalamone.it\/WP\/?page_id=2734"},"modified":"2025-09-11T10:49:08","modified_gmt":"2025-09-11T08:49:08","slug":"lavorazioni-motocolturari","status":"publish","type":"page","link":"https:\/\/bonificalamone.it\/WP\/lavorazioni-motocolturari\/","title":{"rendered":"Lavorazioni motocolturari"},"content":{"rendered":"\n<div class=\"wp-block-group alignfull has-ast-global-color-5-background-color has-background is-layout-constrained wp-container-core-group-is-layout-45165763 wp-block-group-is-layout-constrained\" style=\"padding-top:0vw;padding-right:6vw;padding-bottom:0vw;padding-left:6vw\">\n<div class=\"wp-block-group alignwide is-vertical is-nowrap is-layout-flex wp-container-core-group-is-layout-7946b6b8 wp-block-group-is-layout-flex\" style=\"padding-top:0;padding-right:0;padding-bottom:0;padding-left:0\">\n<div class=\"wp-block-columns alignwide is-layout-flex wp-container-core-columns-is-layout-b7461ed9 wp-block-columns-is-layout-flex\">\n<div class=\"wp-block-column is-layout-flow wp-block-column-is-layout-flow\" style=\"flex-basis:50%\">\n<p class=\"has-text-color\" style=\"color:#000000;font-size:17px\">Una realt\u00e0 piccola ma molto articolata, presente sul territorio da oltre 40 anni, mette a disposizione dell\u2019agricoltore esperienza e attrezzature specializzate, arricchite dal supposto tecnologico e informatico dell\u2019aggiornamento dell\u2019Agricoltura 4.0.&nbsp;<\/p>\n<\/div>\n\n\n\n<div class=\"wp-block-column is-layout-flow wp-block-column-is-layout-flow\" style=\"flex-basis:50%\">\n<figure class=\"wp-block-image size-large\"><a href=\"https:\/\/bonificalamone.it\/WP\/wp-content\/uploads\/2025\/06\/IMG-20250520-WA0074.jpg\"><img loading=\"lazy\" decoding=\"async\" width=\"1024\" height=\"768\" src=\"https:\/\/bonificalamone.it\/WP\/wp-content\/uploads\/2025\/06\/IMG-20250520-WA0074-1024x768.jpg\" alt=\"\" class=\"wp-image-2932\" srcset=\"https:\/\/bonificalamone.it\/WP\/wp-content\/uploads\/2025\/06\/IMG-20250520-WA0074-1024x768.jpg 1024w, https:\/\/bonificalamone.it\/WP\/wp-content\/uploads\/2025\/06\/IMG-20250520-WA0074-300x225.jpg 300w, https:\/\/bonificalamone.it\/WP\/wp-content\/uploads\/2025\/06\/IMG-20250520-WA0074-768x576.jpg 768w, https:\/\/bonificalamone.it\/WP\/wp-content\/uploads\/2025\/06\/IMG-20250520-WA0074-1536x1152.jpg 1536w, https:\/\/bonificalamone.it\/WP\/wp-content\/uploads\/2025\/06\/IMG-20250520-WA0074.jpg 2048w\" sizes=\"auto, (max-width: 1024px) 100vw, 1024px\" \/><\/a><\/figure>\n<\/div>\n<\/div>\n\n\n\n<p class=\"has-text-align-center\">Lavorazione del terreno, Semine, Fienagione, Trattamenti, Diserbi, Raccolta e Trebbiatura, tutto quello serve per una buona conduzione del proprio terreno.<\/p>\n\n\n\n<div class=\"wp-block-columns alignwide is-layout-flex wp-container-core-columns-is-layout-c24efe4f wp-block-columns-is-layout-flex\">\n<div class=\"wp-block-column is-vertically-aligned-center is-layout-flow wp-block-column-is-layout-flow\" style=\"flex-basis:100%\">\n<ul style=\"padding-right:0;padding-left:0\" class=\"wp-block-list\">\n<li><strong><em>Lavorazione terreno<\/em><br><\/strong>Decenni di esperienza ci permettono di mettere a disposizione mezzi, attrezzature e operatori al fine di preparare e lavorare il terreno in modo ottimale, specifico per ogni tipo di semina e necessit\u00e0. Punti saldi della lavorazione del terreno, assistiti dalla guida satellitare, sono aratura, erpicatura, livellatura, fresatura.<br><\/li>\n\n\n\n<li><strong>Irrotazione<\/strong><br>Due irroratrici Mazzotti coprono le richieste di diserbo contro le infestanti e trattamento contro insetti e malattie fungine. La tecnologia a disposizione permette un intervento preciso e mirato, che garantisce la copertura del campo e l\u2019uniformit\u00e0 della distribuzione.<br><\/li>\n\n\n\n<li><strong><em>Semine a pieno campo e semine di precisione<\/em><br><\/strong>Le macchine seminatrici presenti in azienda offrono una ampia gamma di opzioni, che asseconda le necessit\u00e0 del singolo agricoltore, dalla metratura dell\u2019attrezzo, al numero di file e distanza interfilare. Inoltre, grazie all\u2019aggiornamento dei sistemi di guida satellitare e assistita, le semine di precisione sono sempre pi\u00f9 accurate.<\/li>\n<\/ul>\n<\/div>\n<\/div>\n\n\n\n<figure class=\"wp-block-image size-large is-resized\"><a href=\"https:\/\/bonificalamone.it\/WP\/wp-content\/uploads\/2025\/06\/Immagine-WhatsApp-2025-05-20-ore-10.34.54_517592a2.jpg\"><img loading=\"lazy\" decoding=\"async\" width=\"1024\" height=\"768\" src=\"https:\/\/bonificalamone.it\/WP\/wp-content\/uploads\/2025\/06\/Immagine-WhatsApp-2025-05-20-ore-10.34.54_517592a2-1024x768.jpg\" alt=\"\" class=\"wp-image-2950\" style=\"width:1225px;height:auto\" srcset=\"https:\/\/bonificalamone.it\/WP\/wp-content\/uploads\/2025\/06\/Immagine-WhatsApp-2025-05-20-ore-10.34.54_517592a2-1024x768.jpg 1024w, https:\/\/bonificalamone.it\/WP\/wp-content\/uploads\/2025\/06\/Immagine-WhatsApp-2025-05-20-ore-10.34.54_517592a2-300x225.jpg 300w, https:\/\/bonificalamone.it\/WP\/wp-content\/uploads\/2025\/06\/Immagine-WhatsApp-2025-05-20-ore-10.34.54_517592a2-768x576.jpg 768w, https:\/\/bonificalamone.it\/WP\/wp-content\/uploads\/2025\/06\/Immagine-WhatsApp-2025-05-20-ore-10.34.54_517592a2-1536x1152.jpg 1536w, https:\/\/bonificalamone.it\/WP\/wp-content\/uploads\/2025\/06\/Immagine-WhatsApp-2025-05-20-ore-10.34.54_517592a2.jpg 2000w\" sizes=\"auto, (max-width: 1024px) 100vw, 1024px\" \/><\/a><\/figure>\n\n\n\n<div class=\"wp-block-columns alignwide is-layout-flex wp-container-core-columns-is-layout-c24efe4f wp-block-columns-is-layout-flex\">\n<div class=\"wp-block-column is-vertically-aligned-center is-layout-flow wp-block-column-is-layout-flow\" style=\"flex-basis:100%\">\n<div class=\"wp-block-group is-nowrap is-layout-flex wp-container-core-group-is-layout-bcde1d39 wp-block-group-is-layout-flex\" style=\"padding-top:0;padding-right:0;padding-bottom:0;padding-left:0\">\n<ul class=\"wp-block-list\">\n<li><strong><em>Trebbiatura<\/em><br><\/strong>Possiamo schierare un ampio parco macchine nel reparto trebbiatura, arricchito dal folto assortimento di barre da taglio dedicate a grano, soia, mais, sorgo e girasole e pick-up per sementi di piccole e medie dimensioni. Siamo attrezzati anche per lo sfalcio e la raccolta della erba medica da seme.<br><\/li>\n\n\n\n<li><strong><em>Raccolta barbabietole<\/em><br><\/strong>Holmer: questo possente e affidabile mezzo \u00e8 impiegato per l\u2019estirpo e la raccolta delle barbabietole da zucchero, coltura tradizionale delle nostre campagne. A completare il servizio sterratore e caricatore.&nbsp;<br><\/li>\n\n\n\n<li><strong><em>Fienagione<\/em><br><\/strong>Oltre alla medica da seme ci occupiamo anche della medica da taglio in tutte le sue fasi: sfalcio, voltafieno, ranghinatura, pressatura (nei formati quadro, tondo e piccolo rettangolare) e raccolta.<\/li>\n<\/ul>\n<\/div>\n<\/div>\n<\/div>\n<\/div>\n<\/div>\n\n\n\n<div class=\"wp-block-columns has-ast-global-color-4-background-color has-background is-layout-flex wp-container-core-columns-is-layout-4f94af84 wp-block-columns-is-layout-flex\" style=\"margin-top:var(--wp--preset--spacing--80);margin-bottom:var(--wp--preset--spacing--80);padding-top:var(--wp--preset--spacing--60);padding-bottom:var(--wp--preset--spacing--60)\">\n<div class=\"wp-block-column is-layout-flow wp-block-column-is-layout-flow\" style=\"flex-basis:100%\">\n<div class=\"wp-block-uagb-call-to-action uagb-block-b212f386 wp-block-button\"><div class=\"uagb-cta__wrap\"><h3 class=\"uagb-cta__title\">Contattaci ora per avere maggiori informazioni sui nostri servizi o per diventare socio.<\/h3><p class=\"uagb-cta__desc\"><em>La cooperazione \u00e8 il nostro valore fondante. All\u2019interno della nostra realt\u00e0, ogni socio e collaboratore \u00e8 parte attiva di un progetto comune, dove il contributo di ciascuno \u00e8 valorizzato e rispettato.<\/em><\/p><\/div><div class=\"uagb-cta__buttons\"><a href=\"https:\/\/bonificalamone.it\/contatti\/\" class=\"uagb-cta__button-link-wrapper wp-block-button__link\" target=\"_blank\" rel=\"noopener noreferrer\">Contattaci ora<svg xmlns=\"https:\/\/www.w3.org\/2000\/svg\" viewBox=\"0 0 512 512\"><path d=\"M504.3 273.6l-112.1 104c-6.992 6.484-17.18 8.218-25.94 4.406c-8.758-3.812-14.42-12.45-14.42-21.1L351.9 288H32C14.33 288 .0002 273.7 .0002 255.1S14.33 224 32 224h319.9l0-72c0-9.547 5.66-18.19 14.42-22c8.754-3.809 18.95-2.075 25.94 4.41l112.1 104C514.6 247.9 514.6 264.1 504.3 273.6z\"><\/path><\/svg><\/a><\/div><\/div>\n<\/div>\n<\/div>\n","protected":false},"excerpt":{"rendered":"<p>Una realt\u00e0 piccola ma molto articolata, presente sul territorio da oltre 40 anni, mette a disposizione dell\u2019agricoltore esperienza e attrezzature specializzate, arricchite dal supposto tecnologico e informatico dell\u2019aggiornamento dell\u2019Agricoltura 4.0.&nbsp; Lavorazione del terreno, Semine, Fienagione, Trattamenti, Diserbi, Raccolta e Trebbiatura, tutto quello serve per una buona conduzione del proprio terreno.<\/p>\n","protected":false},"author":1,"featured_media":0,"parent":0,"menu_order":0,"comment_status":"closed","ping_status":"closed","template":"","meta":{"_uag_custom_page_level_css":"","_monsterinsights_skip_tracking":false,"_monsterinsights_sitenote_active":false,"_monsterinsights_sitenote_note":"","_monsterinsights_sitenote_category":0,"site-sidebar-layout":"default","site-content-layout":"","ast-site-content-layout":"default","site-content-style":"default","site-sidebar-style":"default","ast-global-header-display":"","ast-banner-title-visibility":"","ast-main-header-display":"","ast-hfb-above-header-display":"","ast-hfb-below-header-display":"","ast-hfb-mobile-header-display":"","site-post-title":"","ast-breadcrumbs-content":"","ast-featured-img":"","footer-sml-layout":"","theme-transparent-header-meta":"","adv-header-id-meta":"","stick-header-meta":"","header-above-stick-meta":"","header-main-stick-meta":"","header-below-stick-meta":"","astra-migrate-meta-layouts":"set","ast-page-background-enabled":"default","ast-page-background-meta":{"desktop":{"background-color":"var(--ast-global-color-4)","background-image":"","background-repeat":"repeat","background-position":"center center","background-size":"auto","background-attachment":"scroll","background-type":"","background-media":"","overlay-type":"","overlay-color":"","overlay-opacity":"","overlay-gradient":""},"tablet":{"background-color":"","background-image":"","background-repeat":"repeat","background-position":"center center","background-size":"auto","background-attachment":"scroll","background-type":"","background-media":"","overlay-type":"","overlay-color":"","overlay-opacity":"","overlay-gradient":""},"mobile":{"background-color":"","background-image":"","background-repeat":"repeat","background-position":"center center","background-size":"auto","background-attachment":"scroll","background-type":"","background-media":"","overlay-type":"","overlay-color":"","overlay-opacity":"","overlay-gradient":""}},"ast-content-background-meta":{"desktop":{"background-color":"var(--ast-global-color-5)","background-image":"","background-repeat":"repeat","background-position":"center center","background-size":"auto","background-attachment":"scroll","background-type":"","background-media":"","overlay-type":"","overlay-color":"","overlay-opacity":"","overlay-gradient":""},"tablet":{"background-color":"var(--ast-global-color-5)","background-image":"","background-repeat":"repeat","background-position":"center center","background-size":"auto","background-attachment":"scroll","background-type":"","background-media":"","overlay-type":"","overlay-color":"","overlay-opacity":"","overlay-gradient":""},"mobile":{"background-color":"var(--ast-global-color-5)","background-image":"","background-repeat":"repeat","background-position":"center center","background-size":"auto","background-attachment":"scroll","background-type":"","background-media":"","overlay-type":"","overlay-color":"","overlay-opacity":"","overlay-gradient":""}},"footnotes":""},"class_list":["post-2734","page","type-page","status-publish","hentry"],"yoast_head":"<!-- This site is optimized with the Yoast SEO plugin v27.5 - https:\/\/yoast.com\/product\/yoast-seo-wordpress\/ -->\n<title>Lavorazioni motocolturari - Bonifica Lamone<\/title>\n<meta name=\"robots\" content=\"index, follow, max-snippet:-1, max-image-preview:large, max-video-preview:-1\" \/>\n<link rel=\"canonical\" href=\"https:\/\/bonificalamone.it\/WP\/lavorazioni-motocolturari\/\" \/>\n<meta property=\"og:locale\" content=\"it_IT\" \/>\n<meta property=\"og:type\" content=\"article\" \/>\n<meta property=\"og:title\" content=\"Lavorazioni motocolturari - Bonifica Lamone\" \/>\n<meta property=\"og:description\" content=\"Una realt\u00e0 piccola ma molto articolata, presente sul territorio da oltre 40 anni, mette a disposizione dell\u2019agricoltore esperienza e attrezzature specializzate, arricchite dal supposto tecnologico e informatico dell\u2019aggiornamento dell\u2019Agricoltura 4.0.&nbsp; Lavorazione del terreno, Semine, Fienagione, Trattamenti, Diserbi, Raccolta e Trebbiatura, tutto quello serve per una buona conduzione del proprio terreno.\" \/>\n<meta property=\"og:url\" content=\"https:\/\/bonificalamone.it\/WP\/lavorazioni-motocolturari\/\" \/>\n<meta property=\"og:site_name\" content=\"Bonifica Lamone\" \/>\n<meta property=\"article:modified_time\" content=\"2025-09-11T08:49:08+00:00\" \/>\n<meta property=\"og:image\" content=\"https:\/\/bonificalamone.it\/WP\/wp-content\/uploads\/2025\/06\/IMG-20250520-WA0074.jpg\" \/>\n\t<meta property=\"og:image:width\" content=\"2048\" \/>\n\t<meta property=\"og:image:height\" content=\"1536\" \/>\n\t<meta property=\"og:image:type\" content=\"image\/jpeg\" \/>\n<meta name=\"twitter:label1\" content=\"Tempo di lettura stimato\" \/>\n\t<meta name=\"twitter:data1\" content=\"3 minuti\" \/>\n<script type=\"application\/ld+json\" class=\"yoast-schema-graph\">{\"@context\":\"https:\\\/\\\/schema.org\",\"@graph\":[{\"@type\":\"WebPage\",\"@id\":\"https:\\\/\\\/bonificalamone.it\\\/WP\\\/lavorazioni-motocolturari\\\/\",\"url\":\"https:\\\/\\\/bonificalamone.it\\\/WP\\\/lavorazioni-motocolturari\\\/\",\"name\":\"Lavorazioni motocolturari - Bonifica Lamone\",\"isPartOf\":{\"@id\":\"https:\\\/\\\/bonificalamone.it\\\/WP\\\/#website\"},\"primaryImageOfPage\":{\"@id\":\"https:\\\/\\\/bonificalamone.it\\\/WP\\\/lavorazioni-motocolturari\\\/#primaryimage\"},\"image\":{\"@id\":\"https:\\\/\\\/bonificalamone.it\\\/WP\\\/lavorazioni-motocolturari\\\/#primaryimage\"},\"thumbnailUrl\":\"https:\\\/\\\/bonificalamone.it\\\/WP\\\/wp-content\\\/uploads\\\/2025\\\/06\\\/IMG-20250520-WA0074-1024x768.jpg\",\"datePublished\":\"2025-05-05T10:25:46+00:00\",\"dateModified\":\"2025-09-11T08:49:08+00:00\",\"breadcrumb\":{\"@id\":\"https:\\\/\\\/bonificalamone.it\\\/WP\\\/lavorazioni-motocolturari\\\/#breadcrumb\"},\"inLanguage\":\"it-IT\",\"potentialAction\":[{\"@type\":\"ReadAction\",\"target\":[\"https:\\\/\\\/bonificalamone.it\\\/WP\\\/lavorazioni-motocolturari\\\/\"]}]},{\"@type\":\"ImageObject\",\"inLanguage\":\"it-IT\",\"@id\":\"https:\\\/\\\/bonificalamone.it\\\/WP\\\/lavorazioni-motocolturari\\\/#primaryimage\",\"url\":\"https:\\\/\\\/bonificalamone.it\\\/WP\\\/wp-content\\\/uploads\\\/2025\\\/06\\\/IMG-20250520-WA0074.jpg\",\"contentUrl\":\"https:\\\/\\\/bonificalamone.it\\\/WP\\\/wp-content\\\/uploads\\\/2025\\\/06\\\/IMG-20250520-WA0074.jpg\",\"width\":2048,\"height\":1536},{\"@type\":\"BreadcrumbList\",\"@id\":\"https:\\\/\\\/bonificalamone.it\\\/WP\\\/lavorazioni-motocolturari\\\/#breadcrumb\",\"itemListElement\":[{\"@type\":\"ListItem\",\"position\":1,\"name\":\"Home\",\"item\":\"https:\\\/\\\/bonificalamone.it\\\/WP\\\/\"},{\"@type\":\"ListItem\",\"position\":2,\"name\":\"Lavorazioni motocolturari\"}]},{\"@type\":\"WebSite\",\"@id\":\"https:\\\/\\\/bonificalamone.it\\\/WP\\\/#website\",\"url\":\"https:\\\/\\\/bonificalamone.it\\\/WP\\\/\",\"name\":\"Bonifica Lamone\",\"description\":\"La Cooperativa Agricola\",\"publisher\":{\"@id\":\"https:\\\/\\\/bonificalamone.it\\\/WP\\\/#organization\"},\"potentialAction\":[{\"@type\":\"SearchAction\",\"target\":{\"@type\":\"EntryPoint\",\"urlTemplate\":\"https:\\\/\\\/bonificalamone.it\\\/WP\\\/?s={search_term_string}\"},\"query-input\":{\"@type\":\"PropertyValueSpecification\",\"valueRequired\":true,\"valueName\":\"search_term_string\"}}],\"inLanguage\":\"it-IT\"},{\"@type\":\"Organization\",\"@id\":\"https:\\\/\\\/bonificalamone.it\\\/WP\\\/#organization\",\"name\":\"Bonifica Lamone\",\"url\":\"https:\\\/\\\/bonificalamone.it\\\/WP\\\/\",\"logo\":{\"@type\":\"ImageObject\",\"inLanguage\":\"it-IT\",\"@id\":\"https:\\\/\\\/bonificalamone.it\\\/WP\\\/#\\\/schema\\\/logo\\\/image\\\/\",\"url\":\"https:\\\/\\\/bonificalamone.it\\\/WP\\\/wp-content\\\/uploads\\\/2025\\\/07\\\/cropped-logo-nuovo-sito-1024x341-1.jpg\",\"contentUrl\":\"https:\\\/\\\/bonificalamone.it\\\/WP\\\/wp-content\\\/uploads\\\/2025\\\/07\\\/cropped-logo-nuovo-sito-1024x341-1.jpg\",\"width\":1024,\"height\":341,\"caption\":\"Bonifica Lamone\"},\"image\":{\"@id\":\"https:\\\/\\\/bonificalamone.it\\\/WP\\\/#\\\/schema\\\/logo\\\/image\\\/\"}}]}<\/script>\n<!-- \/ Yoast SEO plugin. -->","yoast_head_json":{"title":"Lavorazioni motocolturari - Bonifica Lamone","robots":{"index":"index","follow":"follow","max-snippet":"max-snippet:-1","max-image-preview":"max-image-preview:large","max-video-preview":"max-video-preview:-1"},"canonical":"https:\/\/bonificalamone.it\/WP\/lavorazioni-motocolturari\/","og_locale":"it_IT","og_type":"article","og_title":"Lavorazioni motocolturari - Bonifica Lamone","og_description":"Una realt\u00e0 piccola ma molto articolata, presente sul territorio da oltre 40 anni, mette a disposizione dell\u2019agricoltore esperienza e attrezzature specializzate, arricchite dal supposto tecnologico e informatico dell\u2019aggiornamento dell\u2019Agricoltura 4.0.&nbsp; Lavorazione del terreno, Semine, Fienagione, Trattamenti, Diserbi, Raccolta e Trebbiatura, tutto quello serve per una buona conduzione del proprio terreno.","og_url":"https:\/\/bonificalamone.it\/WP\/lavorazioni-motocolturari\/","og_site_name":"Bonifica Lamone","article_modified_time":"2025-09-11T08:49:08+00:00","og_image":[{"width":2048,"height":1536,"url":"https:\/\/bonificalamone.it\/WP\/wp-content\/uploads\/2025\/06\/IMG-20250520-WA0074.jpg","type":"image\/jpeg"}],"twitter_misc":{"Tempo di lettura stimato":"3 minuti"},"schema":{"@context":"https:\/\/schema.org","@graph":[{"@type":"WebPage","@id":"https:\/\/bonificalamone.it\/WP\/lavorazioni-motocolturari\/","url":"https:\/\/bonificalamone.it\/WP\/lavorazioni-motocolturari\/","name":"Lavorazioni motocolturari - Bonifica Lamone","isPartOf":{"@id":"https:\/\/bonificalamone.it\/WP\/#website"},"primaryImageOfPage":{"@id":"https:\/\/bonificalamone.it\/WP\/lavorazioni-motocolturari\/#primaryimage"},"image":{"@id":"https:\/\/bonificalamone.it\/WP\/lavorazioni-motocolturari\/#primaryimage"},"thumbnailUrl":"https:\/\/bonificalamone.it\/WP\/wp-content\/uploads\/2025\/06\/IMG-20250520-WA0074-1024x768.jpg","datePublished":"2025-05-05T10:25:46+00:00","dateModified":"2025-09-11T08:49:08+00:00","breadcrumb":{"@id":"https:\/\/bonificalamone.it\/WP\/lavorazioni-motocolturari\/#breadcrumb"},"inLanguage":"it-IT","potentialAction":[{"@type":"ReadAction","target":["https:\/\/bonificalamone.it\/WP\/lavorazioni-motocolturari\/"]}]},{"@type":"ImageObject","inLanguage":"it-IT","@id":"https:\/\/bonificalamone.it\/WP\/lavorazioni-motocolturari\/#primaryimage","url":"https:\/\/bonificalamone.it\/WP\/wp-content\/uploads\/2025\/06\/IMG-20250520-WA0074.jpg","contentUrl":"https:\/\/bonificalamone.it\/WP\/wp-content\/uploads\/2025\/06\/IMG-20250520-WA0074.jpg","width":2048,"height":1536},{"@type":"BreadcrumbList","@id":"https:\/\/bonificalamone.it\/WP\/lavorazioni-motocolturari\/#breadcrumb","itemListElement":[{"@type":"ListItem","position":1,"name":"Home","item":"https:\/\/bonificalamone.it\/WP\/"},{"@type":"ListItem","position":2,"name":"Lavorazioni motocolturari"}]},{"@type":"WebSite","@id":"https:\/\/bonificalamone.it\/WP\/#website","url":"https:\/\/bonificalamone.it\/WP\/","name":"Bonifica Lamone","description":"La Cooperativa Agricola","publisher":{"@id":"https:\/\/bonificalamone.it\/WP\/#organization"},"potentialAction":[{"@type":"SearchAction","target":{"@type":"EntryPoint","urlTemplate":"https:\/\/bonificalamone.it\/WP\/?s={search_term_string}"},"query-input":{"@type":"PropertyValueSpecification","valueRequired":true,"valueName":"search_term_string"}}],"inLanguage":"it-IT"},{"@type":"Organization","@id":"https:\/\/bonificalamone.it\/WP\/#organization","name":"Bonifica Lamone","url":"https:\/\/bonificalamone.it\/WP\/","logo":{"@type":"ImageObject","inLanguage":"it-IT","@id":"https:\/\/bonificalamone.it\/WP\/#\/schema\/logo\/image\/","url":"https:\/\/bonificalamone.it\/WP\/wp-content\/uploads\/2025\/07\/cropped-logo-nuovo-sito-1024x341-1.jpg","contentUrl":"https:\/\/bonificalamone.it\/WP\/wp-content\/uploads\/2025\/07\/cropped-logo-nuovo-sito-1024x341-1.jpg","width":1024,"height":341,"caption":"Bonifica Lamone"},"image":{"@id":"https:\/\/bonificalamone.it\/WP\/#\/schema\/logo\/image\/"}}]}},"uagb_featured_image_src":{"full":false,"thumbnail":false,"medium":false,"medium_large":false,"large":false,"1536x1536":false,"2048x2048":false},"uagb_author_info":{"display_name":"admin","author_link":"https:\/\/bonificalamone.it\/WP\/author\/admin\/"},"uagb_comment_info":0,"uagb_excerpt":"Una realt\u00e0 piccola ma molto articolata, presente sul territorio da oltre 40 anni, mette a disposizione dell\u2019agricoltore esperienza e attrezzature specializzate, arricchite dal supposto tecnologico e informatico dell\u2019aggiornamento dell\u2019Agricoltura 4.0.&nbsp; Lavorazione del terreno, Semine, Fienagione, Trattamenti, Diserbi, Raccolta e Trebbiatura, tutto quello serve per una buona conduzione del proprio terreno.","_links":{"self":[{"href":"https:\/\/bonificalamone.it\/WP\/wp-json\/wp\/v2\/pages\/2734","targetHints":{"allow":["GET"]}}],"collection":[{"href":"https:\/\/bonificalamone.it\/WP\/wp-json\/wp\/v2\/pages"}],"about":[{"href":"https:\/\/bonificalamone.it\/WP\/wp-json\/wp\/v2\/types\/page"}],"author":[{"embeddable":true,"href":"https:\/\/bonificalamone.it\/WP\/wp-json\/wp\/v2\/users\/1"}],"replies":[{"embeddable":true,"href":"https:\/\/bonificalamone.it\/WP\/wp-json\/wp\/v2\/comments?post=2734"}],"version-history":[{"count":19,"href":"https:\/\/bonificalamone.it\/WP\/wp-json\/wp\/v2\/pages\/2734\/revisions"}],"predecessor-version":[{"id":3084,"href":"https:\/\/bonificalamone.it\/WP\/wp-json\/wp\/v2\/pages\/2734\/revisions\/3084"}],"wp:attachment":[{"href":"https:\/\/bonificalamone.it\/WP\/wp-json\/wp\/v2\/media?parent=2734"}],"curies":[{"name":"wp","href":"https:\/\/api.w.org\/{rel}","templated":true}]}}