{"id":1082,"date":"2018-10-18T11:13:21","date_gmt":"2018-10-18T09:13:21","guid":{"rendered":"http:\/\/bonificalamone.it\/?page_id=1082"},"modified":"2025-12-01T10:22:20","modified_gmt":"2025-12-01T09:22:20","slug":"privacy-policy","status":"publish","type":"page","link":"https:\/\/bonificalamone.it\/WP\/privacy-policy\/","title":{"rendered":"Privacy Policy"},"content":{"rendered":"<p class=\"p1\">Ai sensi\u00a0del Regolamento (UE) N. 679\/2016 per la protezione dei dati personali, (di seguito &#8220;Regolamento&#8221;), si descrivono le modalit\u00e0 di trattamento dei dati personali degli utenti che consultano il sito web di <b>COOP. BONIFICA LAMONE SOC. COOP. A.R.L.<\/b>, accessibile per via telematica al seguente indirizzo:<\/p>\n<ul class=\"ul1\">\n<li class=\"li3\"><span class=\"s2\">https:\/\/bonificalamone.it<\/span><\/li>\n<\/ul>\n<p class=\"p1\">La presente informativa \u00e8 formulata anche in attuazione della Raccomandazione n. 2\/2001 che il Gruppo di Lavoro Articolo 29 ha adottato il 17 maggio 2001 per individuare alcuni requisiti minimi per la raccolta di dati personali on-line, e, in particolare, le modalit\u00e0, i tempi e la natura delle informazioni che i titolari del trattamento devono fornire agli utenti quando questi si collegano a pagine web, indipendentemente dagli scopi del collegamento.<\/p>\n<p class=\"p1\">Le presenti informazioni non riguardano altri siti, pagine o servizi online raggiungibili tramite link ipertestuali eventualmente pubblicati nel sito.<\/p>\n<p class=\"p1\"><b>TITOLARE DEL TRATTAMENTO<\/b><b><\/b><\/p>\n<p class=\"p1\">A seguito della consultazione del sito sopra indicato possono essere trattati dati relativi a persone fisiche identificate o identificabili.<\/p>\n<p class=\"p5\">Il Titolare del trattamento \u00e8 COOP. BONIFICA LAMONE SOC. COOP. A.R.L.,<span class=\"Apple-converted-space\">\u00a0 <\/span>C.F\/P.IVA 00860730399,\u00a0con sede legale in Via Carlina 2\/A 48123 Ravenna (RA).<\/p>\n<p class=\"p1\"><b>BASE GIURIDICA DEL TRATTAMENTO<\/b><b><\/b><\/p>\n<p class=\"p1\">I dati personali indicati in questa pagina sono trattati in quanto necessari al perseguimento del legittimo interesse del titolare a garantire il regolare funzionamento dei servizi web offerti, ad ottenere informazioni statistiche sulle visite e sull\u2019uso dei servizi stessi (art.6, par.1, lett. f) del Regolamento) ed in quanto necessari all\u2019esecuzione di un contratto o di misure precontrattuali (art. 6, par. 1, lett. b) del Regolamento) al fine di rispondere alle richieste inviateci.<\/p>\n<p class=\"p1\"><b>TIPI DI DATI TRATTATI E FINALIT\u00c0 DEL TRATTAMENTO<\/b><b><\/b><\/p>\n<p class=\"p1\"><span class=\"s3\"><i>Dati di navigazione\u00a0\u00a0\u00a0<\/i><i><\/i><\/span><\/p>\n<p class=\"p1\">I sistemi informatici e le procedure software preposte al funzionamento di questo sito acquisiscono, nel corso del loro normale esercizio, alcuni dati personali la cui trasmissione \u00e8 implicita nell&#8217;uso dei protocolli di comunicazione di Internet.<\/p>\n<p class=\"p1\">In questa categoria di dati rientrano gli indirizzi IP o i nomi a dominio dei computer e dei terminali utilizzati dagli utenti, gli indirizzi in notazione URI\/URL (Uniform Resource Identifier\/Locator) delle risorse richieste, l&#8217;orario della richiesta, il metodo utilizzato nel sottoporre la richiesta al server, la dimensione del file ottenuto in risposta, il codice numerico indicante lo stato della risposta data dal server (buon fine, errore, ecc.), alcune informazioni riguardanti la geolocalizzazione della richiesta ed altri parametri relativi al sistema operativo e all&#8217;ambiente informatico dell&#8217;utente (fingerprint).<\/p>\n<p class=\"p1\">Si tratta di informazioni che non sono raccolte non con lo scopo di essere associate a interessati identificati, ma che per loro stessa natura potrebbero permettere di identificare gli utenti.<\/p>\n<p class=\"p1\">Tali dati, necessari per la fruizione dei servizi web, vengono anche trattati allo scopo di: ottenere informazioni statistiche sull&#8217;uso dei servizi (pagine pi\u00f9 visitate, numero di visitatori per fascia oraria o giornaliera, aree geografiche di provenienza, ecc.); controllare il corretto funzionamento dei servizi offerti.<\/p>\n<p class=\"p1\">I dati (log-file, dati di traffico) potrebbero essere utilizzati per l\u2019accertamento di responsabilit\u00e0 in caso di ipotetici reati informatici ai danni del sito, e per lo stesso motivo conservati dall\u2019 ISP (Internet Service Provider, fornitore di connettivit\u00e0 Internet) e dal web host.<\/p>\n<p class=\"p1\"><span class=\"s3\"><i>Dati comunicati dall&#8217;utente<\/i><i><\/i><\/span><\/p>\n<p class=\"p1\">L&#8217;invio facoltativo, esplicito e volontario di messaggi agli indirizzi di contatto indicati all\u2019interno del sito e la compilazione e l&#8217;inoltro del form presente nell\u2019apposita sezione <b>\u201cContatti\u201d e \u201cContattami ora\u201d,<\/b> comportano l&#8217;acquisizione dei dati di contatto del mittente (Nome e indirizzo e-mail) necessari a rispondere, nonch\u00e9 di tutti i dati personali inclusi nelle comunicazioni. Il trattamento in questione non richiede l\u2019acquisizione del consenso dal momento che \u00e8 necessario all\u2019esecuzione di un contratto o di misure precontrattuali a richiesta dell\u2019interessato al fine di rispondere alle richieste pervenuteci; pertanto il conferimento dei dati \u00e8 da considerarsi necessario per l\u2019esaurimento della richiesta: il mancato conferimento degli stessi comporterebbe l\u2019impossibilit\u00e0 di dare seguito alla richiesta pervenutaci.<\/p>\n<p class=\"p1\">L\u2019invio di messaggi non comporta l\u2019automatica iscrizione a mailing list avente scopo promozionale o commerciale.<\/p>\n<p class=\"p1\">I dati cos\u00ec raccolti sono conservati il tempo strettamente necessario per rispondere ai messaggi. Nel caso in cui si instauri un rapporto commerciale i dati saranno conservati almeno per tutta la durata del rapporto stesso.<\/p>\n<p class=\"p1\"><b>\u201cLavora con noi\u201d<\/b>. Anche questo form comporta l\u2019acquisizione dei dati di contatto del mittente (Nome, Cognome, e-mail) oltre ai dati inseriti nei documenti allegati (CV e\/o altro). Anche questo trattamento<span class=\"Apple-converted-space\">\u00a0 <\/span>non richiede l\u2019acquisizione del consenso dal momento che \u00e8 necessario per la valutazione di una eventuale inserimento lavorativo e al fine di rispondere alle richieste pervenuteci; pertanto il conferimento dei dati \u00e8 da considerarsi necessario per l\u2019esaurimento della richiesta: il mancato conferimento degli stessi comporterebbe l\u2019impossibilit\u00e0 di dare seguito alla richiesta pervenutaci.<\/p>\n<p class=\"p1\"><b>DESTINATARI DEI DATI<\/b><b><\/b><\/p>\n<p class=\"p1\">I dati di navigazione sono conservati dall\u2019ISP (Internet Service Provider) e dal web host (soggetto che ospita il server web su proprie macchine fisiche) i quali li conservano secondo i tempi previsti dalla normativa.<\/p>\n<p class=\"p1\">I dati personali raccolti a seguito di ricezione di messaggi e contatti tramite il form sono altres\u00ec trattati dal personale interno autorizzato dal Titolare, che agisce sulla base di specifiche istruzioni fornite in ordine a finalit\u00e0 e modalit\u00e0 del trattamento medesimo.<\/p>\n<p class=\"p1\">Non viene effettuata profilazione ed i dati raccolti non sono oggetto di processi decisionali automatizzati.<\/p>\n<\/p>\n\n\n<p><strong>DIRITTI DEGLI INTERESSATI E DIRITTO DI RECLAMO<\/strong><\/p>\n\n\n\n<p>Gli interessati hanno il diritto di ottenere dal Titolare, nei casi previsti, l&#8217;accesso ai propri dati personali e la rettifica o la cancellazione degli stessi o la limitazione del trattamento che li riguarda o di opporsi al trattamento (artt. da 15 a 22. del Regolamento).<\/p>\n\n\n\n<p>Gli interessati che ritengono che il trattamento dei dati personali a loro riferiti effettuato attraverso questo sito avvenga in violazione di quanto previsto dal Regolamento hanno il diritto di proporre reclamo ad un\u2019autorit\u00e0 di vigilanza (ad esempio il Garante per la protezione dei dati personali), come previsto dall&#8217;art. 77 del Regolamento stesso, o di adire le opportune sedi giudiziarie (art. 79 del Regolamento).<\/p>\n\n\n\n<p>Le richieste relative agli articoli sopra citati devono essere inoltrate al Titolare del trattamento utilizzando i contatti indicati in testa al presente documento informativo.<\/p>\n\n\n\n<div style=\"height:120px\" aria-hidden=\"true\" id=\"cv\" class=\"wp-block-spacer\"><\/div>\n\n\n\n<p class=\"has-text-align-center has-medium-font-size\"><strong>Informativa sul trattamento dei dati personali<\/strong><\/p>\n\n\n\n<p class=\"has-text-align-center\">Ai sensi dell\u2019art. 13 del Regolamento n.679\/2016 GDPR<\/p>\n\n\n\n<div style=\"height:20px\" aria-hidden=\"true\" class=\"wp-block-spacer\"><\/div>\n\n\n\n<p><strong>TITOLARE DEL TRATTAMENTO<\/strong><\/p>\n\n\n\n<p>Il Titolare del trattamento \u00e8 <strong>COOP. BONIFICA LAMONE SOC. COOP. A.R.L., <\/strong>con sede in Via Carlina 2\/A 48123 Ravenna (RA), P.Iva 00860730399, Telefono 0544483022, e-mail: amministrazione@bonificalamone.it<\/p>\n\n\n\n<p><\/p>\n\n\n\n<p><strong>FINALIT\u00c0 E BASE GIURIDICA DEL TRATTAMENTO<\/strong><\/p>\n\n\n\n<p>Il trattamento dei Suoi dati personali sar\u00e0 svolto esclusivamente per valutare la Sua candidatura ai fini di una eventuale instaurazione di rapporto di lavoro. La condizione di liceit\u00e0 individuabile corrisponde all\u2019esecuzione delle misure precontrattuali a richiesta dell\u2019interessato.<\/p>\n\n\n\n<p>Il conferimento delle informazioni \u00e8 facoltativo ma necessario in quanto, un suo eventuale rifiuto al conferimento degli stessi, comporterebbe l\u2019impossibilit\u00e0 di prendere in considerazione la Sua candidatura.&nbsp;<\/p>\n\n\n\n<p><\/p>\n\n\n\n<p><strong>MODALIT\u00c0 DEL TRATTAMENTO<\/strong><\/p>\n\n\n\n<p>Il trattamento sar\u00e0 effettuato utilizzando strumenti e supporti cartacei, informatici e telematici nel rispetto delle disposizioni di legge, di regolamento e di policy aziendale atte a garantire la sicurezza, la riservatezza, la disponibilit\u00e0 e l\u2019integrit\u00e0, nonch\u00e9 l&#8217;esattezza, l&#8217;aggiornamento e la pertinenza dei dati rispetto alle finalit\u00e0 sopra indicate.<\/p>\n\n\n\n<p>Il trattamento avverr\u00e0 nel rispetto dei principi di correttezza, liceit\u00e0 e trasparenza.<\/p>\n\n\n\n<p>I dati saranno trattati da personale interno specificamente autorizzato e formato e, nel caso in cui venga utilizzato un soggetto esterno per il trattamento, lo stesso sar\u00e0 nominato Responsabile del trattamento ai sensi dell\u2019art. 28 del Regolamento.<\/p>\n\n\n\n<p>Si precisa che l&#8217;elenco dei soggetti incaricati al trattamento e dei responsabili esterni \u00e8 disponibile presso la sede del Titolare del trattamento.<\/p>\n\n\n\n<p><\/p>\n\n\n\n<p><strong>CONSERVAZIONE<\/strong><\/p>\n\n\n\n<p>I Suoi dati personali saranno conservati per un massino di 2 anni dalla ricezione del Curriculum o, in alternativa, per 1 anno dalla data dell\u2019eventuale colloquio conoscitivo.&nbsp;<\/p>\n\n\n\n<p><\/p>\n\n\n\n<p><strong>TRASFERIMENTO DI DATI&nbsp;<\/strong><\/p>\n\n\n\n<p>Non viene effettuato trasferimento dei dati personali a un paese terzo o a un\u2019organizzazione internazionale.<\/p>\n\n\n\n<p>Nel caso in cui fosse necessario trasferire i Suoi dati all&#8217;estero, si precisa che detto trasferimento avverr\u00e0 in ossequio alle disposizioni normative vigenti, al fine di assicurare che il livello di protezione delle persone fisiche garantito dal regolamento UE n. 679\/2016 non sia pregiudicato.<\/p>\n\n\n\n<p><\/p>\n\n\n\n<p><strong>DIRITTI DELL\u2019INTERESSATO<\/strong><\/p>\n\n\n\n<p>L\u2019interessato ha diritto, secondo quanto previsto dagli artt. da 15 a 21 e dall\u2019 art. 13 del GDPR di ottenere, nei casi previsti, la conferma che sia o meno in corso un trattamento di dati personali che lo riguardano ed in tal caso l&#8217;accesso ai dati personali, la rettifica dei dati personali inesatti che lo riguardano o la cancellazione degli stessi o la limitazione del trattamento di dati che lo riguarda o di opporsi al trattamento stesso.&nbsp;<\/p>\n\n\n\n<p>Al fine di esercitare i diritti di cui ai precedenti punti Lei potr\u00e0 rivolgersi direttamente al titolare del trattamento, il quale dovr\u00e0 dare riscontro scritto entro 30 giorni &#8211; 90 giorni nei casi di particolare complessit\u00e0. Lei potr\u00e0 rivolgersi alla Scrivente inviando una e-mail all\u2019indirizzo amministrazione@bonificalamone.it<\/p>\n\n\n\n<p>In caso di mancata risposta, o di risposta inadeguata, Lei potr\u00e0 rivolgersi all&#8217;autorit\u00e0 amministrativa (Garante) o giudiziaria per la tutela dei suoi diritti. L&#8217;esercizio dei diritti \u00e8 di regola gratuito salvo la facolt\u00e0 di richiedere un contributo all&#8217;interessato nel caso di richieste manifestamente infondate o eccessive o ripetitive<\/p>\n\n\n\n<p>Gli interessati che ritengono che il trattamento dei dati personali a loro riferiti avvenga in violazione di quanto previsto dal Regolamento hanno il diritto di proporre reclamo al Garante per la protezione dei dati personali o ad altre Autorit\u00e0 di controllo competente, come previsto dall&#8217;art. 77 del Regolamento stesso, o di adire le opportune sedi giudiziarie (art. 79 del Regolamento).<\/p>\n","protected":false},"excerpt":{"rendered":"<p>Ai sensi\u00a0del Regolamento (UE) N. 679\/2016 per la protezione dei dati personali, (di seguito &#8220;Regolamento&#8221;), si descrivono le modalit\u00e0 di trattamento dei dati personali degli utenti che consultano il sito web di COOP. BONIFICA LAMONE SOC. COOP. A.R.L., accessibile per via telematica al seguente indirizzo: https:\/\/bonificalamone.it La presente informativa \u00e8 formulata anche in attuazione della [&hellip;]<\/p>\n","protected":false},"author":1,"featured_media":0,"parent":0,"menu_order":0,"comment_status":"closed","ping_status":"closed","template":"","meta":{"_uag_custom_page_level_css":"","_monsterinsights_skip_tracking":false,"_monsterinsights_sitenote_active":false,"_monsterinsights_sitenote_note":"","_monsterinsights_sitenote_category":0,"site-sidebar-layout":"default","site-content-layout":"","ast-site-content-layout":"default","site-content-style":"default","site-sidebar-style":"default","ast-global-header-display":"","ast-banner-title-visibility":"","ast-main-header-display":"","ast-hfb-above-header-display":"","ast-hfb-below-header-display":"","ast-hfb-mobile-header-display":"","site-post-title":"","ast-breadcrumbs-content":"","ast-featured-img":"","footer-sml-layout":"","theme-transparent-header-meta":"","adv-header-id-meta":"","stick-header-meta":"","header-above-stick-meta":"","header-main-stick-meta":"","header-below-stick-meta":"","astra-migrate-meta-layouts":"set","ast-page-background-enabled":"default","ast-page-background-meta":{"desktop":{"background-color":"var(--ast-global-color-4)","background-image":"","background-repeat":"repeat","background-position":"center center","background-size":"auto","background-attachment":"scroll","background-type":"","background-media":"","overlay-type":"","overlay-color":"","overlay-opacity":"","overlay-gradient":""},"tablet":{"background-color":"","background-image":"","background-repeat":"repeat","background-position":"center center","background-size":"auto","background-attachment":"scroll","background-type":"","background-media":"","overlay-type":"","overlay-color":"","overlay-opacity":"","overlay-gradient":""},"mobile":{"background-color":"","background-image":"","background-repeat":"repeat","background-position":"center center","background-size":"auto","background-attachment":"scroll","background-type":"","background-media":"","overlay-type":"","overlay-color":"","overlay-opacity":"","overlay-gradient":""}},"ast-content-background-meta":{"desktop":{"background-color":"var(--ast-global-color-5)","background-image":"","background-repeat":"repeat","background-position":"center center","background-size":"auto","background-attachment":"scroll","background-type":"","background-media":"","overlay-type":"","overlay-color":"","overlay-opacity":"","overlay-gradient":""},"tablet":{"background-color":"var(--ast-global-color-5)","background-image":"","background-repeat":"repeat","background-position":"center center","background-size":"auto","background-attachment":"scroll","background-type":"","background-media":"","overlay-type":"","overlay-color":"","overlay-opacity":"","overlay-gradient":""},"mobile":{"background-color":"var(--ast-global-color-5)","background-image":"","background-repeat":"repeat","background-position":"center center","background-size":"auto","background-attachment":"scroll","background-type":"","background-media":"","overlay-type":"","overlay-color":"","overlay-opacity":"","overlay-gradient":""}},"footnotes":""},"class_list":["post-1082","page","type-page","status-publish","hentry"],"yoast_head":"<!-- This site is optimized with the Yoast SEO plugin v27.5 - https:\/\/yoast.com\/product\/yoast-seo-wordpress\/ -->\n<title>Privacy Policy - Bonifica Lamone<\/title>\n<meta name=\"robots\" content=\"index, follow, max-snippet:-1, max-image-preview:large, max-video-preview:-1\" \/>\n<link rel=\"canonical\" href=\"https:\/\/bonificalamone.it\/WP\/privacy-policy\/\" \/>\n<meta property=\"og:locale\" content=\"it_IT\" \/>\n<meta property=\"og:type\" content=\"article\" \/>\n<meta property=\"og:title\" content=\"Privacy Policy - Bonifica Lamone\" \/>\n<meta property=\"og:description\" content=\"Ai sensi\u00a0del Regolamento (UE) N. 679\/2016 per la protezione dei dati personali, (di seguito &#8220;Regolamento&#8221;), si descrivono le modalit\u00e0 di trattamento dei dati personali degli utenti che consultano il sito web di COOP. BONIFICA LAMONE SOC. COOP. A.R.L., accessibile per via telematica al seguente indirizzo: https:\/\/bonificalamone.it La presente informativa \u00e8 formulata anche in attuazione della [&hellip;]\" \/>\n<meta property=\"og:url\" content=\"https:\/\/bonificalamone.it\/WP\/privacy-policy\/\" \/>\n<meta property=\"og:site_name\" content=\"Bonifica Lamone\" \/>\n<meta property=\"article:modified_time\" content=\"2025-12-01T09:22:20+00:00\" \/>\n<meta name=\"twitter:label1\" content=\"Tempo di lettura stimato\" \/>\n\t<meta name=\"twitter:data1\" content=\"9 minuti\" \/>\n<script type=\"application\/ld+json\" class=\"yoast-schema-graph\">{\"@context\":\"https:\\\/\\\/schema.org\",\"@graph\":[{\"@type\":\"WebPage\",\"@id\":\"https:\\\/\\\/bonificalamone.it\\\/WP\\\/privacy-policy\\\/\",\"url\":\"https:\\\/\\\/bonificalamone.it\\\/WP\\\/privacy-policy\\\/\",\"name\":\"Privacy Policy - Bonifica Lamone\",\"isPartOf\":{\"@id\":\"https:\\\/\\\/bonificalamone.it\\\/WP\\\/#website\"},\"datePublished\":\"2018-10-18T09:13:21+00:00\",\"dateModified\":\"2025-12-01T09:22:20+00:00\",\"breadcrumb\":{\"@id\":\"https:\\\/\\\/bonificalamone.it\\\/WP\\\/privacy-policy\\\/#breadcrumb\"},\"inLanguage\":\"it-IT\",\"potentialAction\":[{\"@type\":\"ReadAction\",\"target\":[\"https:\\\/\\\/bonificalamone.it\\\/WP\\\/privacy-policy\\\/\"]}]},{\"@type\":\"BreadcrumbList\",\"@id\":\"https:\\\/\\\/bonificalamone.it\\\/WP\\\/privacy-policy\\\/#breadcrumb\",\"itemListElement\":[{\"@type\":\"ListItem\",\"position\":1,\"name\":\"Home\",\"item\":\"https:\\\/\\\/bonificalamone.it\\\/WP\\\/\"},{\"@type\":\"ListItem\",\"position\":2,\"name\":\"Privacy Policy\"}]},{\"@type\":\"WebSite\",\"@id\":\"https:\\\/\\\/bonificalamone.it\\\/WP\\\/#website\",\"url\":\"https:\\\/\\\/bonificalamone.it\\\/WP\\\/\",\"name\":\"Bonifica Lamone\",\"description\":\"La Cooperativa Agricola\",\"publisher\":{\"@id\":\"https:\\\/\\\/bonificalamone.it\\\/WP\\\/#organization\"},\"potentialAction\":[{\"@type\":\"SearchAction\",\"target\":{\"@type\":\"EntryPoint\",\"urlTemplate\":\"https:\\\/\\\/bonificalamone.it\\\/WP\\\/?s={search_term_string}\"},\"query-input\":{\"@type\":\"PropertyValueSpecification\",\"valueRequired\":true,\"valueName\":\"search_term_string\"}}],\"inLanguage\":\"it-IT\"},{\"@type\":\"Organization\",\"@id\":\"https:\\\/\\\/bonificalamone.it\\\/WP\\\/#organization\",\"name\":\"Bonifica Lamone\",\"url\":\"https:\\\/\\\/bonificalamone.it\\\/WP\\\/\",\"logo\":{\"@type\":\"ImageObject\",\"inLanguage\":\"it-IT\",\"@id\":\"https:\\\/\\\/bonificalamone.it\\\/WP\\\/#\\\/schema\\\/logo\\\/image\\\/\",\"url\":\"https:\\\/\\\/bonificalamone.it\\\/WP\\\/wp-content\\\/uploads\\\/2025\\\/07\\\/cropped-logo-nuovo-sito-1024x341-1.jpg\",\"contentUrl\":\"https:\\\/\\\/bonificalamone.it\\\/WP\\\/wp-content\\\/uploads\\\/2025\\\/07\\\/cropped-logo-nuovo-sito-1024x341-1.jpg\",\"width\":1024,\"height\":341,\"caption\":\"Bonifica Lamone\"},\"image\":{\"@id\":\"https:\\\/\\\/bonificalamone.it\\\/WP\\\/#\\\/schema\\\/logo\\\/image\\\/\"}}]}<\/script>\n<!-- \/ Yoast SEO plugin. -->","yoast_head_json":{"title":"Privacy Policy - Bonifica Lamone","robots":{"index":"index","follow":"follow","max-snippet":"max-snippet:-1","max-image-preview":"max-image-preview:large","max-video-preview":"max-video-preview:-1"},"canonical":"https:\/\/bonificalamone.it\/WP\/privacy-policy\/","og_locale":"it_IT","og_type":"article","og_title":"Privacy Policy - Bonifica Lamone","og_description":"Ai sensi\u00a0del Regolamento (UE) N. 679\/2016 per la protezione dei dati personali, (di seguito &#8220;Regolamento&#8221;), si descrivono le modalit\u00e0 di trattamento dei dati personali degli utenti che consultano il sito web di COOP. BONIFICA LAMONE SOC. COOP. A.R.L., accessibile per via telematica al seguente indirizzo: https:\/\/bonificalamone.it La presente informativa \u00e8 formulata anche in attuazione della [&hellip;]","og_url":"https:\/\/bonificalamone.it\/WP\/privacy-policy\/","og_site_name":"Bonifica Lamone","article_modified_time":"2025-12-01T09:22:20+00:00","twitter_misc":{"Tempo di lettura stimato":"9 minuti"},"schema":{"@context":"https:\/\/schema.org","@graph":[{"@type":"WebPage","@id":"https:\/\/bonificalamone.it\/WP\/privacy-policy\/","url":"https:\/\/bonificalamone.it\/WP\/privacy-policy\/","name":"Privacy Policy - Bonifica Lamone","isPartOf":{"@id":"https:\/\/bonificalamone.it\/WP\/#website"},"datePublished":"2018-10-18T09:13:21+00:00","dateModified":"2025-12-01T09:22:20+00:00","breadcrumb":{"@id":"https:\/\/bonificalamone.it\/WP\/privacy-policy\/#breadcrumb"},"inLanguage":"it-IT","potentialAction":[{"@type":"ReadAction","target":["https:\/\/bonificalamone.it\/WP\/privacy-policy\/"]}]},{"@type":"BreadcrumbList","@id":"https:\/\/bonificalamone.it\/WP\/privacy-policy\/#breadcrumb","itemListElement":[{"@type":"ListItem","position":1,"name":"Home","item":"https:\/\/bonificalamone.it\/WP\/"},{"@type":"ListItem","position":2,"name":"Privacy Policy"}]},{"@type":"WebSite","@id":"https:\/\/bonificalamone.it\/WP\/#website","url":"https:\/\/bonificalamone.it\/WP\/","name":"Bonifica Lamone","description":"La Cooperativa Agricola","publisher":{"@id":"https:\/\/bonificalamone.it\/WP\/#organization"},"potentialAction":[{"@type":"SearchAction","target":{"@type":"EntryPoint","urlTemplate":"https:\/\/bonificalamone.it\/WP\/?s={search_term_string}"},"query-input":{"@type":"PropertyValueSpecification","valueRequired":true,"valueName":"search_term_string"}}],"inLanguage":"it-IT"},{"@type":"Organization","@id":"https:\/\/bonificalamone.it\/WP\/#organization","name":"Bonifica Lamone","url":"https:\/\/bonificalamone.it\/WP\/","logo":{"@type":"ImageObject","inLanguage":"it-IT","@id":"https:\/\/bonificalamone.it\/WP\/#\/schema\/logo\/image\/","url":"https:\/\/bonificalamone.it\/WP\/wp-content\/uploads\/2025\/07\/cropped-logo-nuovo-sito-1024x341-1.jpg","contentUrl":"https:\/\/bonificalamone.it\/WP\/wp-content\/uploads\/2025\/07\/cropped-logo-nuovo-sito-1024x341-1.jpg","width":1024,"height":341,"caption":"Bonifica Lamone"},"image":{"@id":"https:\/\/bonificalamone.it\/WP\/#\/schema\/logo\/image\/"}}]}},"uagb_featured_image_src":{"full":false,"thumbnail":false,"medium":false,"medium_large":false,"large":false,"1536x1536":false,"2048x2048":false},"uagb_author_info":{"display_name":"admin","author_link":"https:\/\/bonificalamone.it\/WP\/author\/admin\/"},"uagb_comment_info":0,"uagb_excerpt":"Ai sensi\u00a0del Regolamento (UE) N. 679\/2016 per la protezione dei dati personali, (di seguito &#8220;Regolamento&#8221;), si descrivono le modalit\u00e0 di trattamento dei dati personali degli utenti che consultano il sito web di COOP. BONIFICA LAMONE SOC. COOP. A.R.L., accessibile per via telematica al seguente indirizzo: https:\/\/bonificalamone.it La presente informativa \u00e8 formulata anche in attuazione della&hellip;","_links":{"self":[{"href":"https:\/\/bonificalamone.it\/WP\/wp-json\/wp\/v2\/pages\/1082","targetHints":{"allow":["GET"]}}],"collection":[{"href":"https:\/\/bonificalamone.it\/WP\/wp-json\/wp\/v2\/pages"}],"about":[{"href":"https:\/\/bonificalamone.it\/WP\/wp-json\/wp\/v2\/types\/page"}],"author":[{"embeddable":true,"href":"https:\/\/bonificalamone.it\/WP\/wp-json\/wp\/v2\/users\/1"}],"replies":[{"embeddable":true,"href":"https:\/\/bonificalamone.it\/WP\/wp-json\/wp\/v2\/comments?post=1082"}],"version-history":[{"count":25,"href":"https:\/\/bonificalamone.it\/WP\/wp-json\/wp\/v2\/pages\/1082\/revisions"}],"predecessor-version":[{"id":3184,"href":"https:\/\/bonificalamone.it\/WP\/wp-json\/wp\/v2\/pages\/1082\/revisions\/3184"}],"wp:attachment":[{"href":"https:\/\/bonificalamone.it\/WP\/wp-json\/wp\/v2\/media?parent=1082"}],"curies":[{"name":"wp","href":"https:\/\/api.w.org\/{rel}","templated":true}]}}